{"id":1102075,"date":"2025-09-15T15:31:32","date_gmt":"2025-09-15T15:31:32","guid":{"rendered":"https:\/\/www.madein-shops.com\/?post_type=product&#038;p=1102075"},"modified":"2026-02-24T20:18:12","modified_gmt":"2026-02-24T20:18:12","slug":"amalia-sandalia-preta-em-pele-e-pelo-natural","status":"publish","type":"product","link":"https:\/\/www.madein-shops.com\/en\/produto\/amalia-sandalia-preta-em-pele-e-pelo-natural\/","title":{"rendered":"Amalia-Sand\u00e1lia Preta em Pele e Pelo Natural"},"content":{"rendered":"<p>A linha Comporta nasceu da uni\u00e3o entre a beleza da praia do Carvalhal e a riqueza natural do Alentejo. Feita \u00e0 m\u00e3o e em pele, re\u00fane design e conforto. Possui plantar em pele e almofadado que envolve os p\u00e9s e permite uma experi\u00eancia acolhedora e \u00fanica.<\/p>\n<p><strong>Detalhes<\/strong><\/p>\n<p>Refer\u00eancia: AMALIA690BLACK<br \/>\nMaterial: Pele e Pelo Natural<br \/>\nAltura: 3cm<\/p>\n<p><a href=\"https:\/\/www.cubanas-shoes.com\/guia-de-tamanhos-comporta\/\" target=\"_blank\" rel=\"noopener\"><strong>Guia de tamanhos<\/strong><\/a><\/p>\n","protected":false},"excerpt":{"rendered":"<p>A linha Comporta nasceu da uni\u00e3o entre a beleza da praia do Carvalhal e a riqueza natural do Alentejo. Feita \u00e0 m\u00e3o e em pele, re\u00fane design e conforto. Possui plantar em pele e almofadado que envolve os p\u00e9s e permite uma experi\u00eancia acolhedora e \u00fanica.<\/p>\n<p><strong>Detalhes<\/strong><\/p>\n<p>Refer\u00eancia: AMALIA690BLACK<br \/>\nMaterial: Pele e Pelo Natural<br \/>\nAltura: 3cm<\/p>\n<p><a href=\"https:\/\/www.cubanas-shoes.com\/guia-de-tamanhos-comporta\/\" target=\"_blank\" rel=\"noopener\"><strong>Guia de tamanhos<\/strong><\/a><\/p>\n","protected":false},"featured_media":1102076,"comment_status":"open","ping_status":"closed","template":"","meta":[],"pwb-brand":[194],"product_brand":[],"product_cat":[93,76],"product_tag":[],"class_list":{"0":"post-1102075","1":"product","2":"type-product","3":"status-publish","4":"has-post-thumbnail","6":"pwb-brand-cubanas","7":"product_cat-comporta-cubanas","8":"product_cat-comporta-nc","10":"first","11":"instock","12":"taxable","13":"shipping-taxable","14":"purchasable","15":"product-type-variable"},"brands":[{"id":194,"name":"Cubanas","slug":"cubanas"}],"_links":{"self":[{"href":"https:\/\/www.madein-shops.com\/en\/wp-json\/wp\/v2\/product\/1102075","targetHints":{"allow":["GET"]}}],"collection":[{"href":"https:\/\/www.madein-shops.com\/en\/wp-json\/wp\/v2\/product"}],"about":[{"href":"https:\/\/www.madein-shops.com\/en\/wp-json\/wp\/v2\/types\/product"}],"replies":[{"embeddable":true,"href":"https:\/\/www.madein-shops.com\/en\/wp-json\/wp\/v2\/comments?post=1102075"}],"wp:featuredmedia":[{"embeddable":true,"href":"https:\/\/www.madein-shops.com\/en\/wp-json\/wp\/v2\/media\/1102076"}],"wp:attachment":[{"href":"https:\/\/www.madein-shops.com\/en\/wp-json\/wp\/v2\/media?parent=1102075"}],"wp:term":[{"taxonomy":"pwb-brand","embeddable":true,"href":"https:\/\/www.madein-shops.com\/en\/wp-json\/wp\/v2\/pwb-brand?post=1102075"},{"taxonomy":"product_brand","embeddable":true,"href":"https:\/\/www.madein-shops.com\/en\/wp-json\/wp\/v2\/product_brand?post=1102075"},{"taxonomy":"product_cat","embeddable":true,"href":"https:\/\/www.madein-shops.com\/en\/wp-json\/wp\/v2\/product_cat?post=1102075"},{"taxonomy":"product_tag","embeddable":true,"href":"https:\/\/www.madein-shops.com\/en\/wp-json\/wp\/v2\/product_tag?post=1102075"}],"curies":[{"name":"wp","href":"https:\/\/api.w.org\/{rel}","templated":true}]}}