{"id":1128721,"date":"2025-02-25T10:07:50","date_gmt":"2025-02-25T10:07:50","guid":{"rendered":"https:\/\/www.madein-shops.com\/?post_type=product&#038;p=1128721"},"modified":"2026-04-15T13:09:54","modified_gmt":"2026-04-15T13:09:54","slug":"amalia-sandalia-em-camurca-camel-com-duas-tiras","status":"publish","type":"product","link":"https:\/\/www.madein-shops.com\/en\/produto\/amalia-sandalia-em-camurca-camel-com-duas-tiras\/","title":{"rendered":"Amalia-Sand\u00e1lia em Camur\u00e7a Camel com Duas Tiras"},"content":{"rendered":"<p>A linha Comporta nasceu da uni\u00e3o entre a beleza da praia do Carvalhal e a riqueza natural do Alentejo. Feita \u00e0 m\u00e3o e em pele, re\u00fane design e conforto. Possui plantar em pele e almofadado que envolve os p\u00e9s e permite uma experi\u00eancia acolhedora e \u00fanica.<\/p>\n<p><strong>Detalhes<\/strong><\/p>\n<p>Refer\u00eancia: AMALIA102BROWN3<br \/>\nMaterial: Camur\u00e7a<br \/>\nAltura: 3cm<\/p>\n<p><a href=\"https:\/\/www.cubanas-shoes.com\/guia-de-tamanhos-comporta\/\" target=\"_blank\" rel=\"noopener\"><strong>Guia de tamanhos<\/strong><\/a><\/p>\n<p>&nbsp;<\/p>\n","protected":false},"excerpt":{"rendered":"<p>A linha Comporta nasceu da uni\u00e3o entre a beleza da praia do Carvalhal e a riqueza natural do Alentejo. Feita \u00e0 m\u00e3o e em pele, re\u00fane design e conforto. Possui plantar em pele e almofadado que envolve os p\u00e9s e permite uma experi\u00eancia acolhedora e \u00fanica.<\/p>\n<p><strong>Detalhes<\/strong><\/p>\n<p>Refer\u00eancia: AMALIA102BROWN3<br \/>\nMaterial: Camur\u00e7a<br \/>\nAltura: 3cm<\/p>\n<p><a href=\"https:\/\/www.cubanas-shoes.com\/guia-de-tamanhos-comporta\/\" target=\"_blank\" rel=\"noopener\"><strong>Guia de tamanhos<\/strong><\/a><\/p>\n","protected":false},"featured_media":1128750,"comment_status":"closed","ping_status":"closed","template":"","meta":[],"pwb-brand":[],"product_brand":[],"product_cat":[76,93],"product_tag":[],"class_list":{"0":"post-1128721","1":"product","2":"type-product","3":"status-publish","4":"has-post-thumbnail","6":"product_cat-comporta-nc","7":"product_cat-comporta-cubanas","9":"first","10":"instock","11":"taxable","12":"shipping-taxable","13":"purchasable","14":"product-type-variable"},"brands":[],"_links":{"self":[{"href":"https:\/\/www.madein-shops.com\/en\/wp-json\/wp\/v2\/product\/1128721","targetHints":{"allow":["GET"]}}],"collection":[{"href":"https:\/\/www.madein-shops.com\/en\/wp-json\/wp\/v2\/product"}],"about":[{"href":"https:\/\/www.madein-shops.com\/en\/wp-json\/wp\/v2\/types\/product"}],"replies":[{"embeddable":true,"href":"https:\/\/www.madein-shops.com\/en\/wp-json\/wp\/v2\/comments?post=1128721"}],"wp:featuredmedia":[{"embeddable":true,"href":"https:\/\/www.madein-shops.com\/en\/wp-json\/wp\/v2\/media\/1128750"}],"wp:attachment":[{"href":"https:\/\/www.madein-shops.com\/en\/wp-json\/wp\/v2\/media?parent=1128721"}],"wp:term":[{"taxonomy":"pwb-brand","embeddable":true,"href":"https:\/\/www.madein-shops.com\/en\/wp-json\/wp\/v2\/pwb-brand?post=1128721"},{"taxonomy":"product_brand","embeddable":true,"href":"https:\/\/www.madein-shops.com\/en\/wp-json\/wp\/v2\/product_brand?post=1128721"},{"taxonomy":"product_cat","embeddable":true,"href":"https:\/\/www.madein-shops.com\/en\/wp-json\/wp\/v2\/product_cat?post=1128721"},{"taxonomy":"product_tag","embeddable":true,"href":"https:\/\/www.madein-shops.com\/en\/wp-json\/wp\/v2\/product_tag?post=1128721"}],"curies":[{"name":"wp","href":"https:\/\/api.w.org\/{rel}","templated":true}]}}