{"id":1152374,"date":"2024-10-31T11:13:47","date_gmt":"2024-10-31T11:13:47","guid":{"rendered":"https:\/\/www.madein-shops.com\/?post_type=product&#038;p=1152374"},"modified":"2026-04-15T19:11:37","modified_gmt":"2026-04-15T19:11:37","slug":"tenis-em-burel-cinzento-e-pelo-branco","status":"publish","type":"product","link":"https:\/\/www.madein-shops.com\/en\/produto\/tenis-em-burel-cinzento-e-pelo-branco\/","title":{"rendered":"T\u00e9nis em Burel Cinzento e Pelo Branco"},"content":{"rendered":"<p>Os t\u00e9nis RUN da Cubanas <b>s<\/b>\u00e3o um best-seller da marca Cubanas. Em burel, aliam a jun\u00e7\u00e3o de materiais com reflexos \u00e1s linhas elegantes que fazem enaltecer este modelo.<\/p>\n<p><strong>Burel \u2013 Tradi\u00e7\u00e3o e Sustentabilidade com Toque Moderno<\/strong><\/p>\n<p>O burel \u00e9 um tecido artesanal feito de l\u00e3 da ovelha da ra\u00e7a \u201cSerra da Estrela\u201d, usado pelos nossos pastores de ovelhas, para se protegerem do frio e da chuva durante a sua estadia no pastoreio dos seus rebanhos. Conhecido pela sua durabilidade, resist\u00eancia \u00e0 \u00e1gua e propriedades t\u00e9rmicas naturais, hoje em dia \u00e9 super requisitado no retalho, tendo em conta a sustentabilidade e versatilidade.<\/p>\n<p>Al\u00e9m do seu apelo ecol\u00f3gico, o burel oferece conforto e prote\u00e7\u00e3o, sendo perfeito para enfrentar qualquer esta\u00e7\u00e3o com estilo e consci\u00eancia ambiental.<\/p>\n<p><strong>100% MADE IN PORTUGAL<\/strong><\/p>\n<div><strong>Caracter\u00edsticas:<\/strong><\/div>\n<div>Refer\u00eancia: RUN400BBEIGE<\/div>\n<div>Exterior: Burel e Pelo<\/div>\n<div>Palmilha: Pele<\/div>\n<div>Sola: EVA<\/div>\n<p>&nbsp;<\/p>\n","protected":false},"excerpt":{"rendered":"<p>Os t\u00e9nis RUN da Cubanas <b>s<\/b>\u00e3o um best-seller da marca Cubanas. Em burel, aliam a jun\u00e7\u00e3o de materiais com reflexos \u00e1s linhas elegantes que fazem enaltecer este modelo.<\/p>\n<p><strong>Burel \u2013 Tradi\u00e7\u00e3o e Sustentabilidade com Toque Moderno<\/strong><\/p>\n<p>O burel \u00e9 um tecido artesanal feito de l\u00e3 da ovelha da ra\u00e7a \u201cSerra da Estrela\u201d, usado pelos nossos pastores de ovelhas, para se protegerem do frio e da chuva durante a sua estadia no pastoreio dos seus rebanhos. Conhecido pela sua durabilidade, resist\u00eancia \u00e0 \u00e1gua e propriedades t\u00e9rmicas naturais, hoje em dia \u00e9 super requisitado no retalho, tendo em conta a sustentabilidade e versatilidade.<\/p>\n<p>Al\u00e9m do seu apelo ecol\u00f3gico, o burel oferece conforto e prote\u00e7\u00e3o, sendo perfeito para enfrentar qualquer esta\u00e7\u00e3o com estilo e consci\u00eancia ambiental.<\/p>\n<p><strong>100% MADE IN PORTUGAL<\/strong><\/p>\n<div><strong>Caracter\u00edsticas:<\/strong><\/div>\n<div>Refer\u00eancia: RUN400BBEIGE<\/div>\n<div>Exterior: Burel e Pelo<\/div>\n<div>Palmilha: Pele<\/div>\n<div>Sola: EVA<\/div>\n","protected":false},"featured_media":1152413,"comment_status":"closed","ping_status":"closed","template":"","meta":[],"pwb-brand":[],"product_brand":[],"product_cat":[485],"product_tag":[],"class_list":{"0":"post-1152374","1":"product","2":"type-product","3":"status-publish","4":"has-post-thumbnail","6":"product_cat-exclusive-burel","8":"first","9":"instock","10":"taxable","11":"shipping-taxable","12":"purchasable","13":"product-type-variable"},"brands":[],"_links":{"self":[{"href":"https:\/\/www.madein-shops.com\/en\/wp-json\/wp\/v2\/product\/1152374","targetHints":{"allow":["GET"]}}],"collection":[{"href":"https:\/\/www.madein-shops.com\/en\/wp-json\/wp\/v2\/product"}],"about":[{"href":"https:\/\/www.madein-shops.com\/en\/wp-json\/wp\/v2\/types\/product"}],"replies":[{"embeddable":true,"href":"https:\/\/www.madein-shops.com\/en\/wp-json\/wp\/v2\/comments?post=1152374"}],"wp:featuredmedia":[{"embeddable":true,"href":"https:\/\/www.madein-shops.com\/en\/wp-json\/wp\/v2\/media\/1152413"}],"wp:attachment":[{"href":"https:\/\/www.madein-shops.com\/en\/wp-json\/wp\/v2\/media?parent=1152374"}],"wp:term":[{"taxonomy":"pwb-brand","embeddable":true,"href":"https:\/\/www.madein-shops.com\/en\/wp-json\/wp\/v2\/pwb-brand?post=1152374"},{"taxonomy":"product_brand","embeddable":true,"href":"https:\/\/www.madein-shops.com\/en\/wp-json\/wp\/v2\/product_brand?post=1152374"},{"taxonomy":"product_cat","embeddable":true,"href":"https:\/\/www.madein-shops.com\/en\/wp-json\/wp\/v2\/product_cat?post=1152374"},{"taxonomy":"product_tag","embeddable":true,"href":"https:\/\/www.madein-shops.com\/en\/wp-json\/wp\/v2\/product_tag?post=1152374"}],"curies":[{"name":"wp","href":"https:\/\/api.w.org\/{rel}","templated":true}]}}