{"id":1303999,"date":"2026-01-23T14:47:15","date_gmt":"2026-01-23T14:47:15","guid":{"rendered":"https:\/\/www.madein-shops.com\/?post_type=product&#038;p=1303999"},"modified":"2026-01-23T14:47:15","modified_gmt":"2026-01-23T14:47:15","slug":"tenis-homem-mbt-m-3000-preto","status":"publish","type":"product","link":"https:\/\/www.madein-shops.com\/en\/produto\/tenis-homem-mbt-m-3000-preto\/","title":{"rendered":"T\u00e9nis Homem MBT M-3000 Preto"},"content":{"rendered":"<div>O cal\u00e7ado MBT ativa e tonifica os m\u00fasculos, promovendo benef\u00edcios que se estendem a todo o corpo \u2014 muito al\u00e9m dos p\u00e9s.<\/div>\n<div><\/div>\n<div>A sua tecnologia exclusiva favorece uma postura mais natural e din\u00e2mica, contribuindo para um maior gasto cal\u00f3rico enquanto caminha ou permanece de p\u00e9.<\/div>\n<div><\/div>\n<div>A MBT eleva o cuidado com os seus p\u00e9s em qualquer contexto. Design inteligente, conforto superior e desempenho excecional, pensados para acompanhar cada passo com eleg\u00e2ncia e bem-estar.<\/div>\n<div><\/div>\n<div><strong>Caracter\u00edsticas:<\/strong><\/div>\n<div>Refer\u00eancia: 703325BLACK<\/div>\n<div>Material:\u00a0 Malha Jaquard<\/div>\n","protected":false},"excerpt":{"rendered":"<div>O cal\u00e7ado MBT ativa e tonifica os m\u00fasculos, promovendo benef\u00edcios que se estendem a todo o corpo \u2014 muito al\u00e9m dos p\u00e9s.<\/div>\n<div><\/div>\n<div>A sua tecnologia exclusiva favorece uma postura mais natural e din\u00e2mica, contribuindo para um maior gasto cal\u00f3rico enquanto caminha ou permanece de p\u00e9.<\/div>\n<div><\/div>\n<div>A MBT eleva o cuidado com os seus p\u00e9s em qualquer contexto. Design inteligente, conforto superior e desempenho excecional, pensados para acompanhar cada passo com eleg\u00e2ncia e bem-estar.<\/div>\n<div><\/div>\n<div><strong>Caracter\u00edsticas:<\/strong><\/div>\n<div>Refer\u00eancia: 703325BLACK<\/div>\n<div>Material:\u00a0 Malha Jaquard<\/div>\n","protected":false},"featured_media":1304000,"comment_status":"open","ping_status":"closed","template":"","meta":[],"pwb-brand":[507],"product_brand":[],"product_cat":[506],"product_tag":[],"class_list":{"0":"post-1303999","1":"product","2":"type-product","3":"status-publish","4":"has-post-thumbnail","6":"pwb-brand-mbt","7":"product_cat-mbt","9":"first","10":"instock","11":"taxable","12":"shipping-taxable","13":"purchasable","14":"product-type-variable"},"brands":[{"id":507,"name":"MBT","slug":"mbt"}],"_links":{"self":[{"href":"https:\/\/www.madein-shops.com\/en\/wp-json\/wp\/v2\/product\/1303999","targetHints":{"allow":["GET"]}}],"collection":[{"href":"https:\/\/www.madein-shops.com\/en\/wp-json\/wp\/v2\/product"}],"about":[{"href":"https:\/\/www.madein-shops.com\/en\/wp-json\/wp\/v2\/types\/product"}],"replies":[{"embeddable":true,"href":"https:\/\/www.madein-shops.com\/en\/wp-json\/wp\/v2\/comments?post=1303999"}],"wp:featuredmedia":[{"embeddable":true,"href":"https:\/\/www.madein-shops.com\/en\/wp-json\/wp\/v2\/media\/1304000"}],"wp:attachment":[{"href":"https:\/\/www.madein-shops.com\/en\/wp-json\/wp\/v2\/media?parent=1303999"}],"wp:term":[{"taxonomy":"pwb-brand","embeddable":true,"href":"https:\/\/www.madein-shops.com\/en\/wp-json\/wp\/v2\/pwb-brand?post=1303999"},{"taxonomy":"product_brand","embeddable":true,"href":"https:\/\/www.madein-shops.com\/en\/wp-json\/wp\/v2\/product_brand?post=1303999"},{"taxonomy":"product_cat","embeddable":true,"href":"https:\/\/www.madein-shops.com\/en\/wp-json\/wp\/v2\/product_cat?post=1303999"},{"taxonomy":"product_tag","embeddable":true,"href":"https:\/\/www.madein-shops.com\/en\/wp-json\/wp\/v2\/product_tag?post=1303999"}],"curies":[{"name":"wp","href":"https:\/\/api.w.org\/{rel}","templated":true}]}}