{"id":1337788,"date":"2026-02-05T11:21:22","date_gmt":"2026-02-05T11:21:22","guid":{"rendered":"https:\/\/www.madein-shops.com\/?post_type=product&#038;p=1337788"},"modified":"2026-03-19T11:26:02","modified_gmt":"2026-03-19T11:26:02","slug":"tenis-em-camurca-verde-e-atacadores-4","status":"publish","type":"product","link":"https:\/\/www.madein-shops.com\/en\/produto\/tenis-em-camurca-verde-e-atacadores-4\/","title":{"rendered":"T\u00e9nis em Camur\u00e7a Verde e Atacadores"},"content":{"rendered":"<div>Com design vers\u00e1til e sofisticado, este modelo Cubanas \u00e9 um convite para expressar a sua personalidade.<\/div>\n<div><\/div>\n<div><strong>Caracter\u00edsticas:<\/strong><\/div>\n<div>Refer\u00eancia: RUN2600GREEN<\/div>\n<div>Exterior: Camur\u00e7a<\/div>\n<div>Palmilha: Pele<\/div>\n<div>Sola: EVA<\/div>\n","protected":false},"excerpt":{"rendered":"<div>Com design vers\u00e1til e sofisticado, este modelo Cubanas \u00e9 um convite para expressar a sua personalidade.<\/div>\n<div><\/div>\n<div><strong>Caracter\u00edsticas:<\/strong><\/div>\n<div>Refer\u00eancia: RUN2600GREEN<\/div>\n<div>Exterior: Camur\u00e7a<\/div>\n<div>Palmilha: Pele<\/div>\n<div>Sola: EVA<\/div>\n","protected":false},"featured_media":1337872,"comment_status":"closed","ping_status":"closed","template":"","meta":[],"pwb-brand":[194],"product_brand":[],"product_cat":[505,240,255],"product_tag":[],"class_list":{"0":"post-1337788","1":"product","2":"type-product","3":"status-publish","4":"has-post-thumbnail","6":"pwb-brand-cubanas","7":"product_cat-preview-ss26-en","8":"product_cat-sneakers-cubanas-en","9":"product_cat-sneakers-nc-en","11":"first","12":"instock","13":"taxable","14":"shipping-taxable","15":"purchasable","16":"product-type-variable"},"brands":[{"id":194,"name":"Cubanas","slug":"cubanas"}],"_links":{"self":[{"href":"https:\/\/www.madein-shops.com\/en\/wp-json\/wp\/v2\/product\/1337788","targetHints":{"allow":["GET"]}}],"collection":[{"href":"https:\/\/www.madein-shops.com\/en\/wp-json\/wp\/v2\/product"}],"about":[{"href":"https:\/\/www.madein-shops.com\/en\/wp-json\/wp\/v2\/types\/product"}],"replies":[{"embeddable":true,"href":"https:\/\/www.madein-shops.com\/en\/wp-json\/wp\/v2\/comments?post=1337788"}],"wp:featuredmedia":[{"embeddable":true,"href":"https:\/\/www.madein-shops.com\/en\/wp-json\/wp\/v2\/media\/1337872"}],"wp:attachment":[{"href":"https:\/\/www.madein-shops.com\/en\/wp-json\/wp\/v2\/media?parent=1337788"}],"wp:term":[{"taxonomy":"pwb-brand","embeddable":true,"href":"https:\/\/www.madein-shops.com\/en\/wp-json\/wp\/v2\/pwb-brand?post=1337788"},{"taxonomy":"product_brand","embeddable":true,"href":"https:\/\/www.madein-shops.com\/en\/wp-json\/wp\/v2\/product_brand?post=1337788"},{"taxonomy":"product_cat","embeddable":true,"href":"https:\/\/www.madein-shops.com\/en\/wp-json\/wp\/v2\/product_cat?post=1337788"},{"taxonomy":"product_tag","embeddable":true,"href":"https:\/\/www.madein-shops.com\/en\/wp-json\/wp\/v2\/product_tag?post=1337788"}],"curies":[{"name":"wp","href":"https:\/\/api.w.org\/{rel}","templated":true}]}}