{"id":1350491,"date":"2026-02-12T15:46:12","date_gmt":"2026-02-12T15:46:12","guid":{"rendered":"https:\/\/www.madein-shops.com\/?post_type=product&#038;p=1350491"},"modified":"2026-04-13T13:08:40","modified_gmt":"2026-04-13T13:08:40","slug":"sandalia-plataforma-em-camurca-castanha","status":"publish","type":"product","link":"https:\/\/www.madein-shops.com\/en\/produto\/sandalia-plataforma-em-camurca-castanha\/","title":{"rendered":"Sand\u00e1lia Plataforma em Camur\u00e7a Castanha"},"content":{"rendered":"<div>Com design vers\u00e1til e sofisticado, este modelo Cubanas \u00e9 um convite para expressar a sua personalidade.<\/div>\n<div><\/div>\n<div><strong>Caracter\u00edsticas:<\/strong><\/div>\n<div>Refer\u00eancia: MADI100BROWN2<\/div>\n<div>Exterior: Camur\u00e7a<\/div>\n<div>Palmilha: Camur\u00e7a<\/div>\n<div>Sola: Camur\u00e7a<\/div>\n","protected":false},"excerpt":{"rendered":"<div>Com design vers\u00e1til e sofisticado, este modelo Cubanas \u00e9 um convite para expressar a sua personalidade.<\/div>\n<div><\/div>\n<div><strong>Caracter\u00edsticas:<\/strong><\/div>\n<div>Refer\u00eancia: MADI100BROWN2<\/div>\n<div>Exterior: Camur\u00e7a<\/div>\n<div>Palmilha: Camur\u00e7a<\/div>\n<div>Sola: Camur\u00e7a<\/div>\n","protected":false},"featured_media":1352431,"comment_status":"closed","ping_status":"closed","template":"","meta":[],"pwb-brand":[194],"product_brand":[],"product_cat":[504,89,382],"product_tag":[],"class_list":{"0":"post-1350491","1":"product","2":"type-product","3":"status-publish","4":"has-post-thumbnail","6":"pwb-brand-cubanas","7":"product_cat-preview-ss26","8":"product_cat-sandalias-cubanas","9":"product_cat-sandalias-nova-c","11":"first","12":"instock","13":"taxable","14":"shipping-taxable","15":"purchasable","16":"product-type-variable"},"brands":[{"id":194,"name":"Cubanas","slug":"cubanas"}],"_links":{"self":[{"href":"https:\/\/www.madein-shops.com\/en\/wp-json\/wp\/v2\/product\/1350491","targetHints":{"allow":["GET"]}}],"collection":[{"href":"https:\/\/www.madein-shops.com\/en\/wp-json\/wp\/v2\/product"}],"about":[{"href":"https:\/\/www.madein-shops.com\/en\/wp-json\/wp\/v2\/types\/product"}],"replies":[{"embeddable":true,"href":"https:\/\/www.madein-shops.com\/en\/wp-json\/wp\/v2\/comments?post=1350491"}],"wp:featuredmedia":[{"embeddable":true,"href":"https:\/\/www.madein-shops.com\/en\/wp-json\/wp\/v2\/media\/1352431"}],"wp:attachment":[{"href":"https:\/\/www.madein-shops.com\/en\/wp-json\/wp\/v2\/media?parent=1350491"}],"wp:term":[{"taxonomy":"pwb-brand","embeddable":true,"href":"https:\/\/www.madein-shops.com\/en\/wp-json\/wp\/v2\/pwb-brand?post=1350491"},{"taxonomy":"product_brand","embeddable":true,"href":"https:\/\/www.madein-shops.com\/en\/wp-json\/wp\/v2\/product_brand?post=1350491"},{"taxonomy":"product_cat","embeddable":true,"href":"https:\/\/www.madein-shops.com\/en\/wp-json\/wp\/v2\/product_cat?post=1350491"},{"taxonomy":"product_tag","embeddable":true,"href":"https:\/\/www.madein-shops.com\/en\/wp-json\/wp\/v2\/product_tag?post=1350491"}],"curies":[{"name":"wp","href":"https:\/\/api.w.org\/{rel}","templated":true}]}}