{"id":1350498,"date":"2026-02-13T10:39:51","date_gmt":"2026-02-13T10:39:51","guid":{"rendered":"https:\/\/www.madein-shops.com\/?post_type=product&#038;p=1350498"},"modified":"2026-04-28T19:09:43","modified_gmt":"2026-04-28T19:09:43","slug":"sandalia-preta-em-pele-e-tachas-redondas","status":"publish","type":"product","link":"https:\/\/www.madein-shops.com\/en\/produto\/sandalia-preta-em-pele-e-tachas-redondas\/","title":{"rendered":"Sand\u00e1lia Preta em Pele e Tachas Redondas"},"content":{"rendered":"<div>Com design vers\u00e1til e sofisticado, este modelo Cubanas \u00e9 um convite para expressar a sua personalidade.<\/div>\n<div><\/div>\n<div><strong>Caracter\u00edsticas:<\/strong><\/div>\n<div>Refer\u00eancia: SAO150BLACK<\/div>\n<div>Exterior: Pele<\/div>\n<div>Palmilha: Pele<\/div>\n<div>Sola: EVA<\/div>\n","protected":false},"excerpt":{"rendered":"<div>Com design vers\u00e1til e sofisticado, este modelo Cubanas \u00e9 um convite para expressar a sua personalidade.<\/div>\n<div><\/div>\n<div><strong>Caracter\u00edsticas:<\/strong><\/div>\n<div>Refer\u00eancia: SAO150BLACK<\/div>\n<div>Exterior: Pele<\/div>\n<div>Palmilha: Pele<\/div>\n<div>Sola: EVA<\/div>\n","protected":false},"featured_media":1350743,"comment_status":"closed","ping_status":"closed","template":"","meta":[],"pwb-brand":[194],"product_brand":[],"product_cat":[504,89,382],"product_tag":[],"class_list":{"0":"post-1350498","1":"product","2":"type-product","3":"status-publish","4":"has-post-thumbnail","6":"pwb-brand-cubanas","7":"product_cat-preview-ss26","8":"product_cat-sandalias-cubanas","9":"product_cat-sandalias-nova-c","11":"first","12":"instock","13":"taxable","14":"shipping-taxable","15":"purchasable","16":"product-type-variable"},"brands":[{"id":194,"name":"Cubanas","slug":"cubanas"}],"_links":{"self":[{"href":"https:\/\/www.madein-shops.com\/en\/wp-json\/wp\/v2\/product\/1350498","targetHints":{"allow":["GET"]}}],"collection":[{"href":"https:\/\/www.madein-shops.com\/en\/wp-json\/wp\/v2\/product"}],"about":[{"href":"https:\/\/www.madein-shops.com\/en\/wp-json\/wp\/v2\/types\/product"}],"replies":[{"embeddable":true,"href":"https:\/\/www.madein-shops.com\/en\/wp-json\/wp\/v2\/comments?post=1350498"}],"wp:featuredmedia":[{"embeddable":true,"href":"https:\/\/www.madein-shops.com\/en\/wp-json\/wp\/v2\/media\/1350743"}],"wp:attachment":[{"href":"https:\/\/www.madein-shops.com\/en\/wp-json\/wp\/v2\/media?parent=1350498"}],"wp:term":[{"taxonomy":"pwb-brand","embeddable":true,"href":"https:\/\/www.madein-shops.com\/en\/wp-json\/wp\/v2\/pwb-brand?post=1350498"},{"taxonomy":"product_brand","embeddable":true,"href":"https:\/\/www.madein-shops.com\/en\/wp-json\/wp\/v2\/product_brand?post=1350498"},{"taxonomy":"product_cat","embeddable":true,"href":"https:\/\/www.madein-shops.com\/en\/wp-json\/wp\/v2\/product_cat?post=1350498"},{"taxonomy":"product_tag","embeddable":true,"href":"https:\/\/www.madein-shops.com\/en\/wp-json\/wp\/v2\/product_tag?post=1350498"}],"curies":[{"name":"wp","href":"https:\/\/api.w.org\/{rel}","templated":true}]}}