{"id":1352239,"date":"2026-02-27T08:46:04","date_gmt":"2026-02-27T08:46:04","guid":{"rendered":"https:\/\/www.madein-shops.com\/?post_type=product&#038;p=1352239"},"modified":"2026-04-06T19:08:34","modified_gmt":"2026-04-06T19:08:34","slug":"sandalia-em-pele-beige-com-rafia-e-salto-fino","status":"publish","type":"product","link":"https:\/\/www.madein-shops.com\/en\/produto\/sandalia-em-pele-beige-com-rafia-e-salto-fino\/","title":{"rendered":"Sand\u00e1lia Schutz em Pele Beige com R\u00e1fia e Salto Fino"},"content":{"rendered":"<div>Este artigo da Schutz traz consigo a mistura da eleg\u00e2ncia com as linhas cl\u00e1ssicas que enaltecem este modelo.<\/div>\n<div><\/div>\n<div><strong>Caracter\u00edsticas:<\/strong><\/div>\n<div>Materiais: Pele<\/div>\n<div>Refer\u00eancia: S2208700470001<\/div>\n","protected":false},"excerpt":{"rendered":"<div>Este artigo da Schutz traz consigo a mistura da eleg\u00e2ncia com as linhas cl\u00e1ssicas que enaltecem este modelo.<\/div>\n<div><\/div>\n<div><strong>Caracter\u00edsticas:<\/strong><\/div>\n<div>Materiais: Pele<\/div>\n<div>Refer\u00eancia: S2208700470001<\/div>\n","protected":false},"featured_media":1352240,"comment_status":"open","ping_status":"closed","template":"","meta":[],"pwb-brand":[192],"product_brand":[],"product_cat":[504,98,382],"product_tag":[],"class_list":{"0":"post-1352239","1":"product","2":"type-product","3":"status-publish","4":"has-post-thumbnail","6":"pwb-brand-schutz","7":"product_cat-preview-ss26","8":"product_cat-sandalias-schutz","9":"product_cat-sandalias-nova-c","11":"first","12":"instock","13":"taxable","14":"shipping-taxable","15":"purchasable","16":"product-type-variable"},"brands":[{"id":192,"name":"Schutz","slug":"schutz"}],"_links":{"self":[{"href":"https:\/\/www.madein-shops.com\/en\/wp-json\/wp\/v2\/product\/1352239","targetHints":{"allow":["GET"]}}],"collection":[{"href":"https:\/\/www.madein-shops.com\/en\/wp-json\/wp\/v2\/product"}],"about":[{"href":"https:\/\/www.madein-shops.com\/en\/wp-json\/wp\/v2\/types\/product"}],"replies":[{"embeddable":true,"href":"https:\/\/www.madein-shops.com\/en\/wp-json\/wp\/v2\/comments?post=1352239"}],"wp:featuredmedia":[{"embeddable":true,"href":"https:\/\/www.madein-shops.com\/en\/wp-json\/wp\/v2\/media\/1352240"}],"wp:attachment":[{"href":"https:\/\/www.madein-shops.com\/en\/wp-json\/wp\/v2\/media?parent=1352239"}],"wp:term":[{"taxonomy":"pwb-brand","embeddable":true,"href":"https:\/\/www.madein-shops.com\/en\/wp-json\/wp\/v2\/pwb-brand?post=1352239"},{"taxonomy":"product_brand","embeddable":true,"href":"https:\/\/www.madein-shops.com\/en\/wp-json\/wp\/v2\/product_brand?post=1352239"},{"taxonomy":"product_cat","embeddable":true,"href":"https:\/\/www.madein-shops.com\/en\/wp-json\/wp\/v2\/product_cat?post=1352239"},{"taxonomy":"product_tag","embeddable":true,"href":"https:\/\/www.madein-shops.com\/en\/wp-json\/wp\/v2\/product_tag?post=1352239"}],"curies":[{"name":"wp","href":"https:\/\/api.w.org\/{rel}","templated":true}]}}