{"id":1440073,"date":"2026-04-08T09:47:36","date_gmt":"2026-04-08T09:47:36","guid":{"rendered":"https:\/\/www.madein-shops.com\/?post_type=product&#038;p=1440073"},"modified":"2026-04-09T19:07:39","modified_gmt":"2026-04-09T19:07:39","slug":"sandalia-em-pele-castanha-e-tira-larga","status":"publish","type":"product","link":"https:\/\/www.madein-shops.com\/en\/produto\/sandalia-em-pele-castanha-e-tira-larga\/","title":{"rendered":"Sand\u00e1lia em Pele Castanha e Tira Larga"},"content":{"rendered":"<div>Este artigo da Arezzo traz consigo a mistura da eleg\u00e2ncia com as linhas cl\u00e1ssicas que enaltecem este modelo.<\/div>\n<div><\/div>\n<div><strong>Caracter\u00edsticas:<\/strong><\/div>\n<div>Materiais: Pele<\/div>\n<div>Refer\u00eancia: A1389700010003<\/div>\n","protected":false},"excerpt":{"rendered":"<div>Este artigo da Arezzo traz consigo a mistura da eleg\u00e2ncia com as linhas cl\u00e1ssicas que enaltecem este modelo.<\/div>\n<div><\/div>\n<div><strong>Caracter\u00edsticas:<\/strong><\/div>\n<div>Materiais: Pele<\/div>\n<div>Refer\u00eancia: A1389700010003<\/div>\n","protected":false},"featured_media":1440074,"comment_status":"open","ping_status":"closed","template":"","meta":[],"pwb-brand":[191],"product_brand":[],"product_cat":[504,83,382],"product_tag":[],"class_list":{"0":"post-1440073","1":"product","2":"type-product","3":"status-publish","4":"has-post-thumbnail","6":"pwb-brand-arezzo","7":"product_cat-preview-ss26","8":"product_cat-sandalias-arezzo","9":"product_cat-sandalias-nova-c","11":"first","12":"instock","13":"taxable","14":"shipping-taxable","15":"purchasable","16":"product-type-variable"},"brands":[{"id":191,"name":"Arezzo","slug":"arezzo"}],"_links":{"self":[{"href":"https:\/\/www.madein-shops.com\/en\/wp-json\/wp\/v2\/product\/1440073","targetHints":{"allow":["GET"]}}],"collection":[{"href":"https:\/\/www.madein-shops.com\/en\/wp-json\/wp\/v2\/product"}],"about":[{"href":"https:\/\/www.madein-shops.com\/en\/wp-json\/wp\/v2\/types\/product"}],"replies":[{"embeddable":true,"href":"https:\/\/www.madein-shops.com\/en\/wp-json\/wp\/v2\/comments?post=1440073"}],"wp:featuredmedia":[{"embeddable":true,"href":"https:\/\/www.madein-shops.com\/en\/wp-json\/wp\/v2\/media\/1440074"}],"wp:attachment":[{"href":"https:\/\/www.madein-shops.com\/en\/wp-json\/wp\/v2\/media?parent=1440073"}],"wp:term":[{"taxonomy":"pwb-brand","embeddable":true,"href":"https:\/\/www.madein-shops.com\/en\/wp-json\/wp\/v2\/pwb-brand?post=1440073"},{"taxonomy":"product_brand","embeddable":true,"href":"https:\/\/www.madein-shops.com\/en\/wp-json\/wp\/v2\/product_brand?post=1440073"},{"taxonomy":"product_cat","embeddable":true,"href":"https:\/\/www.madein-shops.com\/en\/wp-json\/wp\/v2\/product_cat?post=1440073"},{"taxonomy":"product_tag","embeddable":true,"href":"https:\/\/www.madein-shops.com\/en\/wp-json\/wp\/v2\/product_tag?post=1440073"}],"curies":[{"name":"wp","href":"https:\/\/api.w.org\/{rel}","templated":true}]}}