{"id":1440276,"date":"2026-04-08T10:54:43","date_gmt":"2026-04-08T10:54:43","guid":{"rendered":"https:\/\/www.madein-shops.com\/?post_type=product&#038;p=1440276"},"modified":"2026-04-08T10:54:44","modified_gmt":"2026-04-08T10:54:44","slug":"mala-tiracolo-em-camurca-cinza-e-corrente","status":"publish","type":"product","link":"https:\/\/www.madein-shops.com\/en\/produto\/mala-tiracolo-em-camurca-cinza-e-corrente\/","title":{"rendered":"Mala Tiracolo em Camur\u00e7a Cinza e Corrente"},"content":{"rendered":"<div>Este artigo da Arezzo traz consigo a mistura da eleg\u00e2ncia com as linhas cl\u00e1ssicas que enaltecem este modelo.<\/div>\n<div><\/div>\n<div><strong>Caracter\u00edsticas:<\/strong><\/div>\n<div>Materiais: Camur\u00e7a<\/div>\n<div>Refer\u00eancia: A5001109590001<\/div>\n","protected":false},"excerpt":{"rendered":"<div>Este artigo da Arezzo traz consigo a mistura da eleg\u00e2ncia com as linhas cl\u00e1ssicas que enaltecem este modelo.<\/div>\n<div><\/div>\n<div><strong>Caracter\u00edsticas:<\/strong><\/div>\n<div>Materiais: Camur\u00e7a<\/div>\n<div>Refer\u00eancia: A5001109590001<\/div>\n","protected":false},"featured_media":1440277,"comment_status":"open","ping_status":"closed","template":"","meta":[],"pwb-brand":[191],"product_brand":[],"product_cat":[78,86,504],"product_tag":[],"class_list":{"0":"post-1440276","1":"product","2":"type-product","3":"status-publish","4":"has-post-thumbnail","6":"pwb-brand-arezzo","7":"product_cat-malas-nc","8":"product_cat-malas-arezzo","9":"product_cat-preview-ss26","11":"first","12":"instock","13":"taxable","14":"shipping-taxable","15":"purchasable","16":"product-type-simple"},"brands":[{"id":191,"name":"Arezzo","slug":"arezzo"}],"_links":{"self":[{"href":"https:\/\/www.madein-shops.com\/en\/wp-json\/wp\/v2\/product\/1440276","targetHints":{"allow":["GET"]}}],"collection":[{"href":"https:\/\/www.madein-shops.com\/en\/wp-json\/wp\/v2\/product"}],"about":[{"href":"https:\/\/www.madein-shops.com\/en\/wp-json\/wp\/v2\/types\/product"}],"replies":[{"embeddable":true,"href":"https:\/\/www.madein-shops.com\/en\/wp-json\/wp\/v2\/comments?post=1440276"}],"wp:featuredmedia":[{"embeddable":true,"href":"https:\/\/www.madein-shops.com\/en\/wp-json\/wp\/v2\/media\/1440277"}],"wp:attachment":[{"href":"https:\/\/www.madein-shops.com\/en\/wp-json\/wp\/v2\/media?parent=1440276"}],"wp:term":[{"taxonomy":"pwb-brand","embeddable":true,"href":"https:\/\/www.madein-shops.com\/en\/wp-json\/wp\/v2\/pwb-brand?post=1440276"},{"taxonomy":"product_brand","embeddable":true,"href":"https:\/\/www.madein-shops.com\/en\/wp-json\/wp\/v2\/product_brand?post=1440276"},{"taxonomy":"product_cat","embeddable":true,"href":"https:\/\/www.madein-shops.com\/en\/wp-json\/wp\/v2\/product_cat?post=1440276"},{"taxonomy":"product_tag","embeddable":true,"href":"https:\/\/www.madein-shops.com\/en\/wp-json\/wp\/v2\/product_tag?post=1440276"}],"curies":[{"name":"wp","href":"https:\/\/api.w.org\/{rel}","templated":true}]}}