{"id":1444036,"date":"2026-04-14T06:59:57","date_gmt":"2026-04-14T06:59:57","guid":{"rendered":"https:\/\/www.madein-shops.com\/?post_type=product&#038;p=1444036"},"modified":"2026-04-15T19:11:35","modified_gmt":"2026-04-15T19:11:35","slug":"sandalia-carmo-em-camurca-amarela-e-tiras-cruzadas","status":"publish","type":"product","link":"https:\/\/www.madein-shops.com\/en\/produto\/sandalia-carmo-em-camurca-amarela-e-tiras-cruzadas\/","title":{"rendered":"Sand\u00e1lia Carmo em Camur\u00e7a Amarela e Tiras Cruzadas"},"content":{"rendered":"<p>A linha Comporta nasceu da uni\u00e3o entre a beleza da praia do Carvalhal e a riqueza natural do Alentejo, combinando conforto, inova\u00e7\u00e3o e design.<\/p>\n<p>Fabricada em Portugal, a Comporta Collection by Cubanas apresenta plantar em pele e um almofadado que envolve os p\u00e9s, proporcionando uma experi\u00eancia \u00fanica e acolhedora.<\/p>\n<p><strong>Caracter\u00edsticas:<\/strong><\/p>\n<p>Refer\u00eancia: CARMO100YELLOW2<br \/>\nParte superior: Camur\u00e7a<br \/>\nPalmilha: Pele<br \/>\nSola: EVA<\/p>\n","protected":false},"excerpt":{"rendered":"<p>A linha Comporta nasceu da uni\u00e3o entre a beleza da praia do Carvalhal e a riqueza natural do Alentejo, combinando conforto, inova\u00e7\u00e3o e design.<\/p>\n<p>Fabricada em Portugal, a Comporta Collection by Cubanas apresenta plantar em pele e um almofadado que envolve os p\u00e9s, proporcionando uma experi\u00eancia \u00fanica e acolhedora.<\/p>\n<p><strong>Caracter\u00edsticas:<\/strong><\/p>\n<p>Refer\u00eancia: CARMO100YELLOW2<br \/>\nParte superior: Camur\u00e7a<br \/>\nPalmilha: Pele<br \/>\nSola: EVA<\/p>\n","protected":false},"featured_media":1444044,"comment_status":"open","ping_status":"closed","template":"","meta":[],"pwb-brand":[194],"product_brand":[],"product_cat":[76,93],"product_tag":[],"class_list":{"0":"post-1444036","1":"product","2":"type-product","3":"status-publish","4":"has-post-thumbnail","6":"pwb-brand-cubanas","7":"product_cat-comporta-nc","8":"product_cat-comporta-cubanas","10":"first","11":"instock","12":"taxable","13":"shipping-taxable","14":"purchasable","15":"product-type-variable"},"brands":[{"id":194,"name":"Cubanas","slug":"cubanas"}],"_links":{"self":[{"href":"https:\/\/www.madein-shops.com\/en\/wp-json\/wp\/v2\/product\/1444036","targetHints":{"allow":["GET"]}}],"collection":[{"href":"https:\/\/www.madein-shops.com\/en\/wp-json\/wp\/v2\/product"}],"about":[{"href":"https:\/\/www.madein-shops.com\/en\/wp-json\/wp\/v2\/types\/product"}],"replies":[{"embeddable":true,"href":"https:\/\/www.madein-shops.com\/en\/wp-json\/wp\/v2\/comments?post=1444036"}],"wp:featuredmedia":[{"embeddable":true,"href":"https:\/\/www.madein-shops.com\/en\/wp-json\/wp\/v2\/media\/1444044"}],"wp:attachment":[{"href":"https:\/\/www.madein-shops.com\/en\/wp-json\/wp\/v2\/media?parent=1444036"}],"wp:term":[{"taxonomy":"pwb-brand","embeddable":true,"href":"https:\/\/www.madein-shops.com\/en\/wp-json\/wp\/v2\/pwb-brand?post=1444036"},{"taxonomy":"product_brand","embeddable":true,"href":"https:\/\/www.madein-shops.com\/en\/wp-json\/wp\/v2\/product_brand?post=1444036"},{"taxonomy":"product_cat","embeddable":true,"href":"https:\/\/www.madein-shops.com\/en\/wp-json\/wp\/v2\/product_cat?post=1444036"},{"taxonomy":"product_tag","embeddable":true,"href":"https:\/\/www.madein-shops.com\/en\/wp-json\/wp\/v2\/product_tag?post=1444036"}],"curies":[{"name":"wp","href":"https:\/\/api.w.org\/{rel}","templated":true}]}}