{"id":1449858,"date":"2026-04-13T16:03:20","date_gmt":"2026-04-13T16:03:20","guid":{"rendered":"https:\/\/www.madein-shops.com\/?post_type=product&#038;p=1449858"},"modified":"2026-04-13T16:03:21","modified_gmt":"2026-04-13T16:03:21","slug":"tenis-em-pele-dourada-4","status":"publish","type":"product","link":"https:\/\/www.madein-shops.com\/en\/produto\/tenis-em-pele-dourada-4\/","title":{"rendered":"T\u00e9nis em Pele Dourada"},"content":{"rendered":"<div>Este artigo da Schutz traz consigo a mistura da eleg\u00e2ncia com as linhas cl\u00e1ssicas que enaltecem este modelo.<\/div>\n<div><\/div>\n<div><strong>Caracter\u00edsticas<\/strong><\/div>\n<div>Materiais: Pele<\/div>\n<div>Refer\u00eancia: S2244500020005<\/div>\n","protected":false},"excerpt":{"rendered":"<div>Este artigo da Schutz traz consigo a mistura da eleg\u00e2ncia com as linhas cl\u00e1ssicas que enaltecem este modelo.<\/div>\n<div><\/div>\n<div><strong>Caracter\u00edsticas<\/strong><\/div>\n<div>Materiais: Pele<\/div>\n<div>Refer\u00eancia: S2244500020005<\/div>\n","protected":false},"featured_media":1449859,"comment_status":"open","ping_status":"closed","template":"","meta":[],"pwb-brand":[192],"product_brand":[],"product_cat":[504,71,99],"product_tag":[],"class_list":{"0":"post-1449858","1":"product","2":"type-product","3":"status-publish","4":"has-post-thumbnail","6":"pwb-brand-schutz","7":"product_cat-preview-ss26","8":"product_cat-sneakers-nc","9":"product_cat-sneakers-schutz","11":"first","12":"instock","13":"taxable","14":"shipping-taxable","15":"purchasable","16":"product-type-variable"},"brands":[{"id":192,"name":"Schutz","slug":"schutz"}],"_links":{"self":[{"href":"https:\/\/www.madein-shops.com\/en\/wp-json\/wp\/v2\/product\/1449858","targetHints":{"allow":["GET"]}}],"collection":[{"href":"https:\/\/www.madein-shops.com\/en\/wp-json\/wp\/v2\/product"}],"about":[{"href":"https:\/\/www.madein-shops.com\/en\/wp-json\/wp\/v2\/types\/product"}],"replies":[{"embeddable":true,"href":"https:\/\/www.madein-shops.com\/en\/wp-json\/wp\/v2\/comments?post=1449858"}],"wp:featuredmedia":[{"embeddable":true,"href":"https:\/\/www.madein-shops.com\/en\/wp-json\/wp\/v2\/media\/1449859"}],"wp:attachment":[{"href":"https:\/\/www.madein-shops.com\/en\/wp-json\/wp\/v2\/media?parent=1449858"}],"wp:term":[{"taxonomy":"pwb-brand","embeddable":true,"href":"https:\/\/www.madein-shops.com\/en\/wp-json\/wp\/v2\/pwb-brand?post=1449858"},{"taxonomy":"product_brand","embeddable":true,"href":"https:\/\/www.madein-shops.com\/en\/wp-json\/wp\/v2\/product_brand?post=1449858"},{"taxonomy":"product_cat","embeddable":true,"href":"https:\/\/www.madein-shops.com\/en\/wp-json\/wp\/v2\/product_cat?post=1449858"},{"taxonomy":"product_tag","embeddable":true,"href":"https:\/\/www.madein-shops.com\/en\/wp-json\/wp\/v2\/product_tag?post=1449858"}],"curies":[{"name":"wp","href":"https:\/\/api.w.org\/{rel}","templated":true}]}}