{"id":1469183,"date":"2026-04-24T10:22:07","date_gmt":"2026-04-24T10:22:07","guid":{"rendered":"https:\/\/www.madein-shops.com\/?post_type=product&#038;p=1469183"},"modified":"2026-04-24T10:22:08","modified_gmt":"2026-04-24T10:22:08","slug":"sandalia-olivia-preta-em-pele","status":"publish","type":"product","link":"https:\/\/www.madein-shops.com\/en\/produto\/sandalia-olivia-preta-em-pele\/","title":{"rendered":"Sand\u00e1lia Ol\u00edvia Preta em Pele"},"content":{"rendered":"<div>A linha Comporta nasceu da uni\u00e3o entre a beleza da praia do Carvalhal e a riqueza natural do Alentejo, combinando conforto, inova\u00e7\u00e3o e design.<\/div>\n<div><\/div>\n<div>Fabricada em Portugal, a Comporta Collection by Cubanas apresenta plantar em pele e um almofadado que envolve os p\u00e9s, proporcionando uma experi\u00eancia \u00fanica e acolhedora.<\/div>\n<div><\/div>\n<div><strong>Caracter\u00edsticas:<\/strong><\/div>\n<div>Refer\u00eancia: OLIVIA130BLACK<\/div>\n<div>Parte superior: Pele<\/div>\n<div>Palmilha: Pele<\/div>\n<div>Sola: EVA<\/div>\n","protected":false},"excerpt":{"rendered":"<div>A linha Comporta nasceu da uni\u00e3o entre a beleza da praia do Carvalhal e a riqueza natural do Alentejo, combinando conforto, inova\u00e7\u00e3o e design.<\/div>\n<div><\/div>\n<div>Fabricada em Portugal, a Comporta Collection by Cubanas apresenta plantar em pele e um almofadado que envolve os p\u00e9s, proporcionando uma experi\u00eancia \u00fanica e acolhedora.<\/div>\n<div><\/div>\n<div><strong>Caracter\u00edsticas:<\/strong><\/div>\n<div>Refer\u00eancia: OLIVIA130BLACK<\/div>\n<div>Parte superior: Pele<\/div>\n<div>Palmilha: Pele<\/div>\n<div>Sola: EVA<\/div>\n","protected":false},"featured_media":1469184,"comment_status":"open","ping_status":"closed","template":"","meta":[],"pwb-brand":[194],"product_brand":[],"product_cat":[93,76],"product_tag":[],"class_list":{"0":"post-1469183","1":"product","2":"type-product","3":"status-publish","4":"has-post-thumbnail","6":"pwb-brand-cubanas","7":"product_cat-comporta-cubanas","8":"product_cat-comporta-nc","10":"first","11":"instock","12":"taxable","13":"shipping-taxable","14":"product-type-variable"},"brands":[{"id":194,"name":"Cubanas","slug":"cubanas"}],"_links":{"self":[{"href":"https:\/\/www.madein-shops.com\/en\/wp-json\/wp\/v2\/product\/1469183","targetHints":{"allow":["GET"]}}],"collection":[{"href":"https:\/\/www.madein-shops.com\/en\/wp-json\/wp\/v2\/product"}],"about":[{"href":"https:\/\/www.madein-shops.com\/en\/wp-json\/wp\/v2\/types\/product"}],"replies":[{"embeddable":true,"href":"https:\/\/www.madein-shops.com\/en\/wp-json\/wp\/v2\/comments?post=1469183"}],"wp:featuredmedia":[{"embeddable":true,"href":"https:\/\/www.madein-shops.com\/en\/wp-json\/wp\/v2\/media\/1469184"}],"wp:attachment":[{"href":"https:\/\/www.madein-shops.com\/en\/wp-json\/wp\/v2\/media?parent=1469183"}],"wp:term":[{"taxonomy":"pwb-brand","embeddable":true,"href":"https:\/\/www.madein-shops.com\/en\/wp-json\/wp\/v2\/pwb-brand?post=1469183"},{"taxonomy":"product_brand","embeddable":true,"href":"https:\/\/www.madein-shops.com\/en\/wp-json\/wp\/v2\/product_brand?post=1469183"},{"taxonomy":"product_cat","embeddable":true,"href":"https:\/\/www.madein-shops.com\/en\/wp-json\/wp\/v2\/product_cat?post=1469183"},{"taxonomy":"product_tag","embeddable":true,"href":"https:\/\/www.madein-shops.com\/en\/wp-json\/wp\/v2\/product_tag?post=1469183"}],"curies":[{"name":"wp","href":"https:\/\/api.w.org\/{rel}","templated":true}]}}