{"id":238354,"date":"2024-07-12T10:40:49","date_gmt":"2024-07-12T10:40:49","guid":{"rendered":"https:\/\/www.madein-shops.com\/?post_type=product&#038;p=238354"},"modified":"2026-01-29T21:19:57","modified_gmt":"2026-01-29T21:19:57","slug":"sandalia-rasa-em-pele-beige-com-pormenor-de-perolas","status":"publish","type":"product","link":"https:\/\/www.madein-shops.com\/en\/produto\/sandalia-rasa-em-pele-beige-com-pormenor-de-perolas\/","title":{"rendered":"Sand\u00e1lia Arezzo em Pele Beige com Pormenor de P\u00e9rolas"},"content":{"rendered":"<div>Sand\u00e1lia rasa em pele beige com pormenor de p\u00e9rolas. Esta sand\u00e1lia da Arezzo traz consigo a mistura da eleg\u00e2ncia com as linhas cl\u00e1ssicas que enaltecem este modelo.<\/div>\n<div><\/div>\n<div><strong>Caracter\u00edsticas<\/strong><\/div>\n<div>Materiais: Pele<\/div>\n<div>Refer\u00eancia: A1265200030002<\/div>\n","protected":false},"excerpt":{"rendered":"<div>Sand\u00e1lia rasa em pele beige com pormenor de p\u00e9rolas. Esta sand\u00e1lia da Arezzo traz consigo a mistura da eleg\u00e2ncia com as linhas cl\u00e1ssicas que enaltecem este modelo.<\/div>\n<div><\/div>\n<div><strong>Caracter\u00edsticas<\/strong><\/div>\n<div>Materiais: Pele<\/div>\n<div>Refer\u00eancia: A1265200030002<\/div>\n","protected":false},"featured_media":238355,"comment_status":"open","ping_status":"closed","template":"","meta":[],"pwb-brand":[191],"product_brand":[],"product_cat":[210,211],"product_tag":[],"class_list":{"0":"post-238354","1":"product","2":"type-product","3":"status-publish","4":"has-post-thumbnail","6":"pwb-brand-arezzo","7":"product_cat-sandals-nc-en","8":"product_cat-sandals","10":"first","11":"instock","12":"sale","13":"taxable","14":"shipping-taxable","15":"purchasable","16":"product-type-variable"},"brands":[{"id":191,"name":"Arezzo","slug":"arezzo"}],"_links":{"self":[{"href":"https:\/\/www.madein-shops.com\/en\/wp-json\/wp\/v2\/product\/238354","targetHints":{"allow":["GET"]}}],"collection":[{"href":"https:\/\/www.madein-shops.com\/en\/wp-json\/wp\/v2\/product"}],"about":[{"href":"https:\/\/www.madein-shops.com\/en\/wp-json\/wp\/v2\/types\/product"}],"replies":[{"embeddable":true,"href":"https:\/\/www.madein-shops.com\/en\/wp-json\/wp\/v2\/comments?post=238354"}],"wp:featuredmedia":[{"embeddable":true,"href":"https:\/\/www.madein-shops.com\/en\/wp-json\/wp\/v2\/media\/238355"}],"wp:attachment":[{"href":"https:\/\/www.madein-shops.com\/en\/wp-json\/wp\/v2\/media?parent=238354"}],"wp:term":[{"taxonomy":"pwb-brand","embeddable":true,"href":"https:\/\/www.madein-shops.com\/en\/wp-json\/wp\/v2\/pwb-brand?post=238354"},{"taxonomy":"product_brand","embeddable":true,"href":"https:\/\/www.madein-shops.com\/en\/wp-json\/wp\/v2\/product_brand?post=238354"},{"taxonomy":"product_cat","embeddable":true,"href":"https:\/\/www.madein-shops.com\/en\/wp-json\/wp\/v2\/product_cat?post=238354"},{"taxonomy":"product_tag","embeddable":true,"href":"https:\/\/www.madein-shops.com\/en\/wp-json\/wp\/v2\/product_tag?post=238354"}],"curies":[{"name":"wp","href":"https:\/\/api.w.org\/{rel}","templated":true}]}}