{"id":308379,"date":"2024-10-23T10:52:31","date_gmt":"2024-10-23T10:52:31","guid":{"rendered":"https:\/\/www.madein-shops.com\/?post_type=product&#038;p=308379"},"modified":"2026-02-16T20:24:27","modified_gmt":"2026-02-16T20:24:27","slug":"tenis-em-camurca-castanha-e-atacadores","status":"publish","type":"product","link":"https:\/\/www.madein-shops.com\/en\/produto\/tenis-em-camurca-castanha-e-atacadores\/","title":{"rendered":"T\u00e9nis Cubanas em Camur\u00e7a Castanha e Atacadores"},"content":{"rendered":"<p>Sneakers em camur\u00e7a castanha e atacadores. Este modelo da Cubanas \u00e9 a escolha perfeita para quem deseja aliar o conforto ao estilo descontra\u00eddo.<\/p>\n<p><strong>Caracter\u00edsticas<\/strong><br \/>\nMateriais: Camur\u00e7a<br \/>\nRefer\u00eancia: FIRE300BROWN<\/p>\n","protected":false},"excerpt":{"rendered":"<p>Sneakers em camur\u00e7a castanha e atacadores. Este modelo da Cubanas \u00e9 a escolha perfeita para quem deseja aliar o conforto ao estilo descontra\u00eddo.<\/p>\n<p><strong>Caracter\u00edsticas<\/strong><br \/>\nMateriais: Camur\u00e7a<br \/>\nRefer\u00eancia: FIRE300BROWN<\/p>\n","protected":false},"featured_media":308380,"comment_status":"open","ping_status":"closed","template":"","meta":[],"pwb-brand":[194],"product_brand":[],"product_cat":[88,104],"product_tag":[],"class_list":{"0":"post-308379","1":"product","2":"type-product","3":"status-publish","4":"has-post-thumbnail","6":"pwb-brand-cubanas","7":"product_cat-sneakers-cubanas","8":"product_cat-sneakers-sp","10":"first","11":"instock","12":"sale","13":"taxable","14":"shipping-taxable","15":"purchasable","16":"product-type-variable"},"brands":[{"id":194,"name":"Cubanas","slug":"cubanas"}],"_links":{"self":[{"href":"https:\/\/www.madein-shops.com\/en\/wp-json\/wp\/v2\/product\/308379","targetHints":{"allow":["GET"]}}],"collection":[{"href":"https:\/\/www.madein-shops.com\/en\/wp-json\/wp\/v2\/product"}],"about":[{"href":"https:\/\/www.madein-shops.com\/en\/wp-json\/wp\/v2\/types\/product"}],"replies":[{"embeddable":true,"href":"https:\/\/www.madein-shops.com\/en\/wp-json\/wp\/v2\/comments?post=308379"}],"wp:featuredmedia":[{"embeddable":true,"href":"https:\/\/www.madein-shops.com\/en\/wp-json\/wp\/v2\/media\/308380"}],"wp:attachment":[{"href":"https:\/\/www.madein-shops.com\/en\/wp-json\/wp\/v2\/media?parent=308379"}],"wp:term":[{"taxonomy":"pwb-brand","embeddable":true,"href":"https:\/\/www.madein-shops.com\/en\/wp-json\/wp\/v2\/pwb-brand?post=308379"},{"taxonomy":"product_brand","embeddable":true,"href":"https:\/\/www.madein-shops.com\/en\/wp-json\/wp\/v2\/product_brand?post=308379"},{"taxonomy":"product_cat","embeddable":true,"href":"https:\/\/www.madein-shops.com\/en\/wp-json\/wp\/v2\/product_cat?post=308379"},{"taxonomy":"product_tag","embeddable":true,"href":"https:\/\/www.madein-shops.com\/en\/wp-json\/wp\/v2\/product_tag?post=308379"}],"curies":[{"name":"wp","href":"https:\/\/api.w.org\/{rel}","templated":true}]}}