{"id":400993,"date":"2024-10-23T15:18:16","date_gmt":"2024-10-23T15:18:16","guid":{"rendered":"https:\/\/www.madein-shops.com\/?post_type=product&#038;p=400993"},"modified":"2026-01-27T14:09:44","modified_gmt":"2026-01-27T14:09:44","slug":"galocha-castanha-com-acabamento-nobuckado-e-estrela-no-elastico","status":"publish","type":"product","link":"https:\/\/www.madein-shops.com\/en\/produto\/galocha-castanha-com-acabamento-nobuckado-e-estrela-no-elastico\/","title":{"rendered":"Galocha Castanha com Acabamento Nobuckado e Estrela no El\u00e1stico"},"content":{"rendered":"<p>RAINY2070BROWN. GALOCHAS, as botas imperme\u00e1veis ideais para a chuva em PVC. Todas as nossas Galochas t\u00eam aroma a baunilha. Super femininas, divertidas e \u00fanicas \u2665<\/p>\n<p><strong>Caracter\u00edsticas<\/strong><br \/>\nMaterial: PVC<br \/>\nSalto: 3cm<\/p>\n","protected":false},"excerpt":{"rendered":"<p>RAINY2070BROWN. GALOCHAS, as botas imperme\u00e1veis ideais para a chuva em PVC. Todas as nossas Galochas t\u00eam aroma a baunilha. Super femininas, divertidas e \u00fanicas \u2665<\/p>\n<p><strong>Caracter\u00edsticas<\/strong><br \/>\nMaterial: PVC<br \/>\nSalto: 3cm<\/p>\n","protected":false},"featured_media":400994,"comment_status":"open","ping_status":"closed","template":"","meta":[],"pwb-brand":[194],"product_brand":[],"product_cat":[280],"product_tag":[],"class_list":{"0":"post-400993","1":"product","2":"type-product","3":"status-publish","4":"has-post-thumbnail","6":"pwb-brand-cubanas","7":"product_cat-galochas-sp","9":"first","10":"instock","11":"sale","12":"taxable","13":"shipping-taxable","14":"purchasable","15":"product-type-variable"},"brands":[{"id":194,"name":"Cubanas","slug":"cubanas"}],"_links":{"self":[{"href":"https:\/\/www.madein-shops.com\/en\/wp-json\/wp\/v2\/product\/400993","targetHints":{"allow":["GET"]}}],"collection":[{"href":"https:\/\/www.madein-shops.com\/en\/wp-json\/wp\/v2\/product"}],"about":[{"href":"https:\/\/www.madein-shops.com\/en\/wp-json\/wp\/v2\/types\/product"}],"replies":[{"embeddable":true,"href":"https:\/\/www.madein-shops.com\/en\/wp-json\/wp\/v2\/comments?post=400993"}],"wp:featuredmedia":[{"embeddable":true,"href":"https:\/\/www.madein-shops.com\/en\/wp-json\/wp\/v2\/media\/400994"}],"wp:attachment":[{"href":"https:\/\/www.madein-shops.com\/en\/wp-json\/wp\/v2\/media?parent=400993"}],"wp:term":[{"taxonomy":"pwb-brand","embeddable":true,"href":"https:\/\/www.madein-shops.com\/en\/wp-json\/wp\/v2\/pwb-brand?post=400993"},{"taxonomy":"product_brand","embeddable":true,"href":"https:\/\/www.madein-shops.com\/en\/wp-json\/wp\/v2\/product_brand?post=400993"},{"taxonomy":"product_cat","embeddable":true,"href":"https:\/\/www.madein-shops.com\/en\/wp-json\/wp\/v2\/product_cat?post=400993"},{"taxonomy":"product_tag","embeddable":true,"href":"https:\/\/www.madein-shops.com\/en\/wp-json\/wp\/v2\/product_tag?post=400993"}],"curies":[{"name":"wp","href":"https:\/\/api.w.org\/{rel}","templated":true}]}}