{"id":442229,"date":"2020-11-14T12:00:13","date_gmt":"2020-11-14T12:00:13","guid":{"rendered":"https:\/\/www.madein-shops.com\/?post_type=product&#038;p=442229"},"modified":"2025-12-30T20:28:13","modified_gmt":"2025-12-30T20:28:13","slug":"sapato-em-camurca-preta-e-salto-em-bloco","status":"publish","type":"product","link":"https:\/\/www.madein-shops.com\/en\/produto\/sapato-em-camurca-preta-e-salto-em-bloco\/","title":{"rendered":"Sapato em Camur\u00e7a Preta e Salto em Bloco"},"content":{"rendered":"<p>Sapato em camur\u00e7a preta e salto em bloco. Os tra\u00e7os elegantes que definem este artigo da Cubanas, aliam o melhor dos 2 mundos, a sofistica\u00e7\u00e3o e o conforto. Ideais para o dia a dia, e para quem pretende um estilo descontra\u00eddo replecto de irrever\u00eancia.<\/p>\n<p><strong>Caracter\u00edsticas<\/strong><br \/>\nMaterial: Camur\u00e7a<br \/>\nRefer\u00eancia: DEKA100BLACK<\/p>\n","protected":false},"excerpt":{"rendered":"<p>Sapato em camur\u00e7a preta e salto em bloco. Os tra\u00e7os elegantes que definem este artigo da Cubanas, aliam o melhor dos 2 mundos, a sofistica\u00e7\u00e3o e o conforto. Ideais para o dia a dia, e para quem pretende um estilo descontra\u00eddo replecto de irrever\u00eancia.<\/p>\n<p><strong>Caracter\u00edsticas<\/strong><br \/>\nMaterial: Camur\u00e7a<br \/>\nRefer\u00eancia: DEKA100BLACK<\/p>\n","protected":false},"featured_media":442849,"comment_status":"open","ping_status":"closed","template":"","meta":[],"pwb-brand":[194],"product_brand":[],"product_cat":[261],"product_tag":[],"class_list":{"0":"post-442229","1":"product","2":"type-product","3":"status-publish","4":"has-post-thumbnail","6":"pwb-brand-cubanas","7":"product_cat-shoes-sp","9":"first","10":"instock","11":"sale","12":"taxable","13":"shipping-taxable","14":"purchasable","15":"product-type-variable"},"brands":[{"id":194,"name":"Cubanas","slug":"cubanas"}],"_links":{"self":[{"href":"https:\/\/www.madein-shops.com\/en\/wp-json\/wp\/v2\/product\/442229","targetHints":{"allow":["GET"]}}],"collection":[{"href":"https:\/\/www.madein-shops.com\/en\/wp-json\/wp\/v2\/product"}],"about":[{"href":"https:\/\/www.madein-shops.com\/en\/wp-json\/wp\/v2\/types\/product"}],"replies":[{"embeddable":true,"href":"https:\/\/www.madein-shops.com\/en\/wp-json\/wp\/v2\/comments?post=442229"}],"wp:featuredmedia":[{"embeddable":true,"href":"https:\/\/www.madein-shops.com\/en\/wp-json\/wp\/v2\/media\/442849"}],"wp:attachment":[{"href":"https:\/\/www.madein-shops.com\/en\/wp-json\/wp\/v2\/media?parent=442229"}],"wp:term":[{"taxonomy":"pwb-brand","embeddable":true,"href":"https:\/\/www.madein-shops.com\/en\/wp-json\/wp\/v2\/pwb-brand?post=442229"},{"taxonomy":"product_brand","embeddable":true,"href":"https:\/\/www.madein-shops.com\/en\/wp-json\/wp\/v2\/product_brand?post=442229"},{"taxonomy":"product_cat","embeddable":true,"href":"https:\/\/www.madein-shops.com\/en\/wp-json\/wp\/v2\/product_cat?post=442229"},{"taxonomy":"product_tag","embeddable":true,"href":"https:\/\/www.madein-shops.com\/en\/wp-json\/wp\/v2\/product_tag?post=442229"}],"curies":[{"name":"wp","href":"https:\/\/api.w.org\/{rel}","templated":true}]}}