{"id":442856,"date":"2020-11-14T17:03:21","date_gmt":"2020-11-14T17:03:21","guid":{"rendered":"https:\/\/www.madein-shops.com\/?post_type=product&#038;p=442856"},"modified":"2025-12-30T14:26:47","modified_gmt":"2025-12-30T14:26:47","slug":"sapato-em-pele-castanha-e-textura-em-croco","status":"publish","type":"product","link":"https:\/\/www.madein-shops.com\/en\/produto\/sapato-em-pele-castanha-e-textura-em-croco\/","title":{"rendered":"Sapato em Pele Castanha e Textura em Croco"},"content":{"rendered":"<p>Sapato em pele castanha e textura em croco. Os tra\u00e7os elegantes que definem este artigo da Cubanas, aliam o melhor dos 2 mundos, a sofistica\u00e7\u00e3o e o conforto. Ideais para o dia a dia, e para quem pretende um estilo descontra\u00eddo replecto de irrever\u00eancia.<\/p>\n<p><strong>Caracter\u00edsticas<\/strong><br \/>\nMaterial: Pele<br \/>\nRefer\u00eancia: ELAN100BROWN<\/p>\n","protected":false},"excerpt":{"rendered":"<p>Sapato em pele castanha e textura em croco. Os tra\u00e7os elegantes que definem este artigo da Cubanas, aliam o melhor dos 2 mundos, a sofistica\u00e7\u00e3o e o conforto. Ideais para o dia a dia, e para quem pretende um estilo descontra\u00eddo replecto de irrever\u00eancia.<\/p>\n<p><strong>Caracter\u00edsticas<\/strong><br \/>\nMaterial: Pele<br \/>\nRefer\u00eancia: ELAN100BROWN<\/p>\n","protected":false},"featured_media":442853,"comment_status":"open","ping_status":"closed","template":"","meta":[],"pwb-brand":[194],"product_brand":[],"product_cat":[261],"product_tag":[],"class_list":{"0":"post-442856","1":"product","2":"type-product","3":"status-publish","4":"has-post-thumbnail","6":"pwb-brand-cubanas","7":"product_cat-shoes-sp","9":"first","10":"instock","11":"sale","12":"taxable","13":"shipping-taxable","14":"purchasable","15":"product-type-variable"},"brands":[{"id":194,"name":"Cubanas","slug":"cubanas"}],"_links":{"self":[{"href":"https:\/\/www.madein-shops.com\/en\/wp-json\/wp\/v2\/product\/442856","targetHints":{"allow":["GET"]}}],"collection":[{"href":"https:\/\/www.madein-shops.com\/en\/wp-json\/wp\/v2\/product"}],"about":[{"href":"https:\/\/www.madein-shops.com\/en\/wp-json\/wp\/v2\/types\/product"}],"replies":[{"embeddable":true,"href":"https:\/\/www.madein-shops.com\/en\/wp-json\/wp\/v2\/comments?post=442856"}],"wp:featuredmedia":[{"embeddable":true,"href":"https:\/\/www.madein-shops.com\/en\/wp-json\/wp\/v2\/media\/442853"}],"wp:attachment":[{"href":"https:\/\/www.madein-shops.com\/en\/wp-json\/wp\/v2\/media?parent=442856"}],"wp:term":[{"taxonomy":"pwb-brand","embeddable":true,"href":"https:\/\/www.madein-shops.com\/en\/wp-json\/wp\/v2\/pwb-brand?post=442856"},{"taxonomy":"product_brand","embeddable":true,"href":"https:\/\/www.madein-shops.com\/en\/wp-json\/wp\/v2\/product_brand?post=442856"},{"taxonomy":"product_cat","embeddable":true,"href":"https:\/\/www.madein-shops.com\/en\/wp-json\/wp\/v2\/product_cat?post=442856"},{"taxonomy":"product_tag","embeddable":true,"href":"https:\/\/www.madein-shops.com\/en\/wp-json\/wp\/v2\/product_tag?post=442856"}],"curies":[{"name":"wp","href":"https:\/\/api.w.org\/{rel}","templated":true}]}}