{"id":451777,"date":"2024-11-19T14:57:51","date_gmt":"2024-11-19T14:57:51","guid":{"rendered":"https:\/\/www.madein-shops.com\/?post_type=product&#038;p=451777"},"modified":"2026-04-15T07:08:29","modified_gmt":"2026-04-15T07:08:29","slug":"bota-em-pele-dourada-texturizada","status":"publish","type":"product","link":"https:\/\/www.madein-shops.com\/en\/produto\/bota-em-pele-dourada-texturizada\/","title":{"rendered":"Bota em Pele Dourada Texturizada"},"content":{"rendered":"<p>As botas Cubanas <strong>BIKER300AGOLD<\/strong> s\u00e3o o modelo ideal para estar na tend\u00eancia das Combat Boots. Muito confort\u00e1veis e leves.<\/p>\n<p><strong>Caracter\u00edsticas<\/strong><br \/>\nMaterial: Pele<br \/>\nSola: Borracha<br \/>\nRefer\u00eancia:\u00a0BIKER300AGOLD<\/p>\n","protected":false},"excerpt":{"rendered":"<p>As botas Cubanas <strong>BIKER300AGOLD<\/strong> s\u00e3o o modelo ideal para estar na tend\u00eancia das Combat Boots. Muito confort\u00e1veis e leves.<\/p>\n<p><strong>Caracter\u00edsticas<\/strong><br \/>\nMaterial: Pele<br \/>\nSola: Borracha<br \/>\nRefer\u00eancia:\u00a0BIKER300AGOLD<\/p>\n","protected":false},"featured_media":451816,"comment_status":"closed","ping_status":"closed","template":"","meta":[],"pwb-brand":[194],"product_brand":[],"product_cat":[107],"product_tag":[],"class_list":{"0":"post-451777","1":"product","2":"type-product","3":"status-publish","4":"has-post-thumbnail","6":"pwb-brand-cubanas","7":"product_cat-botas-sp","9":"first","10":"instock","11":"sale","12":"taxable","13":"shipping-taxable","14":"purchasable","15":"product-type-variable"},"brands":[{"id":194,"name":"Cubanas","slug":"cubanas"}],"_links":{"self":[{"href":"https:\/\/www.madein-shops.com\/en\/wp-json\/wp\/v2\/product\/451777","targetHints":{"allow":["GET"]}}],"collection":[{"href":"https:\/\/www.madein-shops.com\/en\/wp-json\/wp\/v2\/product"}],"about":[{"href":"https:\/\/www.madein-shops.com\/en\/wp-json\/wp\/v2\/types\/product"}],"replies":[{"embeddable":true,"href":"https:\/\/www.madein-shops.com\/en\/wp-json\/wp\/v2\/comments?post=451777"}],"wp:featuredmedia":[{"embeddable":true,"href":"https:\/\/www.madein-shops.com\/en\/wp-json\/wp\/v2\/media\/451816"}],"wp:attachment":[{"href":"https:\/\/www.madein-shops.com\/en\/wp-json\/wp\/v2\/media?parent=451777"}],"wp:term":[{"taxonomy":"pwb-brand","embeddable":true,"href":"https:\/\/www.madein-shops.com\/en\/wp-json\/wp\/v2\/pwb-brand?post=451777"},{"taxonomy":"product_brand","embeddable":true,"href":"https:\/\/www.madein-shops.com\/en\/wp-json\/wp\/v2\/product_brand?post=451777"},{"taxonomy":"product_cat","embeddable":true,"href":"https:\/\/www.madein-shops.com\/en\/wp-json\/wp\/v2\/product_cat?post=451777"},{"taxonomy":"product_tag","embeddable":true,"href":"https:\/\/www.madein-shops.com\/en\/wp-json\/wp\/v2\/product_tag?post=451777"}],"curies":[{"name":"wp","href":"https:\/\/api.w.org\/{rel}","templated":true}]}}