{"id":451782,"date":"2024-11-19T14:57:52","date_gmt":"2024-11-19T14:57:52","guid":{"rendered":"https:\/\/www.madein-shops.com\/?post_type=product&#038;p=451782"},"modified":"2026-03-09T20:10:39","modified_gmt":"2026-03-09T20:10:39","slug":"bota-em-pele-dourada-com-efeito-croco","status":"publish","type":"product","link":"https:\/\/www.madein-shops.com\/en\/produto\/bota-em-pele-dourada-com-efeito-croco\/","title":{"rendered":"BOTA EM PELE DOURADA COM EFEITO CROCO"},"content":{"rendered":"<p>Botas em pele texturizada e el\u00e1stico nas laterais. Este modelo com sola volumosa que acresce um design mais robusto, far\u00e1 toda a diferen\u00e7a no seu outfit. Entre nesta aventura que a Cubanas preparou para si.<\/p>\n<p><strong>Caracter\u00edsticas<\/strong><br \/>\nMaterial: Pele<br \/>\nRefer\u00eancia: MAD100GOLD<\/p>\n","protected":false},"excerpt":{"rendered":"<p>Botas em pele texturizada e el\u00e1stico nas laterais. Este modelo com sola volumosa que acresce um design mais robusto, far\u00e1 toda a diferen\u00e7a no seu outfit. Entre nesta aventura que a Cubanas preparou para si.<\/p>\n<p><strong>Caracter\u00edsticas<\/strong><br \/>\nMaterial: Pele<br \/>\nRefer\u00eancia: MAD100GOLD<\/p>\n","protected":false},"featured_media":451874,"comment_status":"closed","ping_status":"closed","template":"","meta":[],"pwb-brand":[194],"product_brand":[],"product_cat":[107],"product_tag":[],"class_list":{"0":"post-451782","1":"product","2":"type-product","3":"status-publish","4":"has-post-thumbnail","6":"pwb-brand-cubanas","7":"product_cat-botas-sp","9":"first","10":"instock","11":"sale","12":"taxable","13":"shipping-taxable","14":"purchasable","15":"product-type-variable"},"brands":[{"id":194,"name":"Cubanas","slug":"cubanas"}],"_links":{"self":[{"href":"https:\/\/www.madein-shops.com\/en\/wp-json\/wp\/v2\/product\/451782","targetHints":{"allow":["GET"]}}],"collection":[{"href":"https:\/\/www.madein-shops.com\/en\/wp-json\/wp\/v2\/product"}],"about":[{"href":"https:\/\/www.madein-shops.com\/en\/wp-json\/wp\/v2\/types\/product"}],"replies":[{"embeddable":true,"href":"https:\/\/www.madein-shops.com\/en\/wp-json\/wp\/v2\/comments?post=451782"}],"wp:featuredmedia":[{"embeddable":true,"href":"https:\/\/www.madein-shops.com\/en\/wp-json\/wp\/v2\/media\/451874"}],"wp:attachment":[{"href":"https:\/\/www.madein-shops.com\/en\/wp-json\/wp\/v2\/media?parent=451782"}],"wp:term":[{"taxonomy":"pwb-brand","embeddable":true,"href":"https:\/\/www.madein-shops.com\/en\/wp-json\/wp\/v2\/pwb-brand?post=451782"},{"taxonomy":"product_brand","embeddable":true,"href":"https:\/\/www.madein-shops.com\/en\/wp-json\/wp\/v2\/product_brand?post=451782"},{"taxonomy":"product_cat","embeddable":true,"href":"https:\/\/www.madein-shops.com\/en\/wp-json\/wp\/v2\/product_cat?post=451782"},{"taxonomy":"product_tag","embeddable":true,"href":"https:\/\/www.madein-shops.com\/en\/wp-json\/wp\/v2\/product_tag?post=451782"}],"curies":[{"name":"wp","href":"https:\/\/api.w.org\/{rel}","templated":true}]}}