{"id":451785,"date":"2024-11-19T14:57:53","date_gmt":"2024-11-19T14:57:53","guid":{"rendered":"https:\/\/www.madein-shops.com\/?post_type=product&#038;p=451785"},"modified":"2026-02-16T08:09:08","modified_gmt":"2026-02-16T08:09:08","slug":"bota-texana-branca-em-pele-com-salto-em-bloco","status":"publish","type":"product","link":"https:\/\/www.madein-shops.com\/en\/produto\/bota-texana-branca-em-pele-com-salto-em-bloco\/","title":{"rendered":"BOTA TEXANA BRANCA EM PELE COM SALTO EM BLOCO"},"content":{"rendered":"<p>Botas texanas em pele com pesponto em beige. Este modelo inspirado no estilo texano, re\u00fane a eleg\u00e2ncia e a sofistica\u00e7\u00e3o num design \u00fanico. Entre nesta tend\u00eancia super irreverentes da Cubanas.<\/p>\n<p><strong>Caracter\u00edsticas<\/strong><br \/>\nMaterial: Pele<br \/>\nRefer\u00eancia: AMBER100WHITE<\/p>\n","protected":false},"excerpt":{"rendered":"<p>Botas texanas em pele com pesponto em beige. Este modelo inspirado no estilo texano, re\u00fane a eleg\u00e2ncia e a sofistica\u00e7\u00e3o num design \u00fanico. Entre nesta tend\u00eancia super irreverentes da Cubanas.<\/p>\n<p><strong>Caracter\u00edsticas<\/strong><br \/>\nMaterial: Pele<br \/>\nRefer\u00eancia: AMBER100WHITE<\/p>\n","protected":false},"featured_media":451906,"comment_status":"closed","ping_status":"closed","template":"","meta":[],"pwb-brand":[194],"product_brand":[],"product_cat":[107],"product_tag":[],"class_list":{"0":"post-451785","1":"product","2":"type-product","3":"status-publish","4":"has-post-thumbnail","6":"pwb-brand-cubanas","7":"product_cat-botas-sp","9":"first","10":"instock","11":"sale","12":"taxable","13":"shipping-taxable","14":"purchasable","15":"product-type-variable"},"brands":[{"id":194,"name":"Cubanas","slug":"cubanas"}],"_links":{"self":[{"href":"https:\/\/www.madein-shops.com\/en\/wp-json\/wp\/v2\/product\/451785","targetHints":{"allow":["GET"]}}],"collection":[{"href":"https:\/\/www.madein-shops.com\/en\/wp-json\/wp\/v2\/product"}],"about":[{"href":"https:\/\/www.madein-shops.com\/en\/wp-json\/wp\/v2\/types\/product"}],"replies":[{"embeddable":true,"href":"https:\/\/www.madein-shops.com\/en\/wp-json\/wp\/v2\/comments?post=451785"}],"wp:featuredmedia":[{"embeddable":true,"href":"https:\/\/www.madein-shops.com\/en\/wp-json\/wp\/v2\/media\/451906"}],"wp:attachment":[{"href":"https:\/\/www.madein-shops.com\/en\/wp-json\/wp\/v2\/media?parent=451785"}],"wp:term":[{"taxonomy":"pwb-brand","embeddable":true,"href":"https:\/\/www.madein-shops.com\/en\/wp-json\/wp\/v2\/pwb-brand?post=451785"},{"taxonomy":"product_brand","embeddable":true,"href":"https:\/\/www.madein-shops.com\/en\/wp-json\/wp\/v2\/product_brand?post=451785"},{"taxonomy":"product_cat","embeddable":true,"href":"https:\/\/www.madein-shops.com\/en\/wp-json\/wp\/v2\/product_cat?post=451785"},{"taxonomy":"product_tag","embeddable":true,"href":"https:\/\/www.madein-shops.com\/en\/wp-json\/wp\/v2\/product_tag?post=451785"}],"curies":[{"name":"wp","href":"https:\/\/api.w.org\/{rel}","templated":true}]}}