{"id":451793,"date":"2024-11-19T14:57:55","date_gmt":"2024-11-19T14:57:55","guid":{"rendered":"https:\/\/www.madein-shops.com\/?post_type=product&#038;p=451793"},"modified":"2026-03-18T20:09:53","modified_gmt":"2026-03-18T20:09:53","slug":"bota-preta-em-pele-com-efeito-croco-e-cano-alto-2","status":"publish","type":"product","link":"https:\/\/www.madein-shops.com\/en\/produto\/bota-preta-em-pele-com-efeito-croco-e-cano-alto-2\/","title":{"rendered":"BOTA CUBANAS PRETA EM PELE COM EFEITO CROCO"},"content":{"rendered":"<p>Botas de cano alto em pele texturizada e fecho na lateral. O modelo DONA200BLACK da Cubanas, re\u00fane a eleg\u00e2ncia, sofistica\u00e7\u00e3o e um conforto inigual\u00e1vel. Ideais para o dia a dia e para quem pretende um estilo descontra\u00eddo com um toque de irrever\u00eancia.<\/p>\n<p><strong>Caracter\u00edsticas<\/strong><br \/>\nMaterial: Pele<br \/>\nRefer\u00eancia: DONA200BLACK<\/p>\n","protected":false},"excerpt":{"rendered":"<p>Botas de cano alto em pele texturizada e fecho na lateral. O modelo DONA200BLACK da Cubanas, re\u00fane a eleg\u00e2ncia, sofistica\u00e7\u00e3o e um conforto inigual\u00e1vel. Ideais para o dia a dia e para quem pretende um estilo descontra\u00eddo com um toque de irrever\u00eancia.<\/p>\n<p><strong>Caracter\u00edsticas<\/strong><br \/>\nMaterial: Pele<br \/>\nRefer\u00eancia: DONA200BLACK<\/p>\n","protected":false},"featured_media":451994,"comment_status":"closed","ping_status":"closed","template":"","meta":[],"pwb-brand":[194],"product_brand":[],"product_cat":[107],"product_tag":[],"class_list":{"0":"post-451793","1":"product","2":"type-product","3":"status-publish","4":"has-post-thumbnail","6":"pwb-brand-cubanas","7":"product_cat-botas-sp","9":"first","10":"instock","11":"sale","12":"taxable","13":"shipping-taxable","14":"purchasable","15":"product-type-variable"},"brands":[{"id":194,"name":"Cubanas","slug":"cubanas"}],"_links":{"self":[{"href":"https:\/\/www.madein-shops.com\/en\/wp-json\/wp\/v2\/product\/451793","targetHints":{"allow":["GET"]}}],"collection":[{"href":"https:\/\/www.madein-shops.com\/en\/wp-json\/wp\/v2\/product"}],"about":[{"href":"https:\/\/www.madein-shops.com\/en\/wp-json\/wp\/v2\/types\/product"}],"replies":[{"embeddable":true,"href":"https:\/\/www.madein-shops.com\/en\/wp-json\/wp\/v2\/comments?post=451793"}],"wp:featuredmedia":[{"embeddable":true,"href":"https:\/\/www.madein-shops.com\/en\/wp-json\/wp\/v2\/media\/451994"}],"wp:attachment":[{"href":"https:\/\/www.madein-shops.com\/en\/wp-json\/wp\/v2\/media?parent=451793"}],"wp:term":[{"taxonomy":"pwb-brand","embeddable":true,"href":"https:\/\/www.madein-shops.com\/en\/wp-json\/wp\/v2\/pwb-brand?post=451793"},{"taxonomy":"product_brand","embeddable":true,"href":"https:\/\/www.madein-shops.com\/en\/wp-json\/wp\/v2\/product_brand?post=451793"},{"taxonomy":"product_cat","embeddable":true,"href":"https:\/\/www.madein-shops.com\/en\/wp-json\/wp\/v2\/product_cat?post=451793"},{"taxonomy":"product_tag","embeddable":true,"href":"https:\/\/www.madein-shops.com\/en\/wp-json\/wp\/v2\/product_tag?post=451793"}],"curies":[{"name":"wp","href":"https:\/\/api.w.org\/{rel}","templated":true}]}}