{"id":451798,"date":"2024-11-19T14:57:57","date_gmt":"2024-11-19T14:57:57","guid":{"rendered":"https:\/\/www.madein-shops.com\/?post_type=product&#038;p=451798"},"modified":"2026-03-18T20:09:53","modified_gmt":"2026-03-18T20:09:53","slug":"bota-em-pele-beige-com-sola-tratorada-e-atacadores","status":"publish","type":"product","link":"https:\/\/www.madein-shops.com\/en\/produto\/bota-em-pele-beige-com-sola-tratorada-e-atacadores\/","title":{"rendered":"BOTA CUBANAS EM PELE BEIGE COM ATACADORES"},"content":{"rendered":"<p>As botas Cubanas\u00a0<strong>CHAIN100BROWN<\/strong>\u00a0em camur\u00e7a com uma sola\u00a0<em>chunky<\/em>\u00a0s\u00e3o mega tend\u00eancia. Modernas, elegantes e pr\u00e1ticas para o dia a dia.<\/p>\n<p><strong>Caracter\u00edsticas<\/strong><\/p>\n<p><strong>Material:<\/strong>\u00a0Camur\u00e7a<\/p>\n<p><strong>Salto:<\/strong>\u00a05cm<\/p>\n","protected":false},"excerpt":{"rendered":"<p>As botas Cubanas\u00a0<strong>CHAIN100BROWN<\/strong>\u00a0em camur\u00e7a com uma sola\u00a0<em>chunky<\/em>\u00a0s\u00e3o mega tend\u00eancia. Modernas, elegantes e pr\u00e1ticas para o dia a dia.<\/p>\n<p><strong>Caracter\u00edsticas<\/strong><\/p>\n<p><strong>Material:<\/strong>\u00a0Camur\u00e7a<\/p>\n<p><strong>Salto:<\/strong>\u00a05cm<\/p>\n","protected":false},"featured_media":452050,"comment_status":"closed","ping_status":"closed","template":"","meta":[],"pwb-brand":[194],"product_brand":[],"product_cat":[107],"product_tag":[],"class_list":{"0":"post-451798","1":"product","2":"type-product","3":"status-publish","4":"has-post-thumbnail","6":"pwb-brand-cubanas","7":"product_cat-botas-sp","9":"first","10":"instock","11":"sale","12":"taxable","13":"shipping-taxable","14":"purchasable","15":"product-type-variable"},"brands":[{"id":194,"name":"Cubanas","slug":"cubanas"}],"_links":{"self":[{"href":"https:\/\/www.madein-shops.com\/en\/wp-json\/wp\/v2\/product\/451798","targetHints":{"allow":["GET"]}}],"collection":[{"href":"https:\/\/www.madein-shops.com\/en\/wp-json\/wp\/v2\/product"}],"about":[{"href":"https:\/\/www.madein-shops.com\/en\/wp-json\/wp\/v2\/types\/product"}],"replies":[{"embeddable":true,"href":"https:\/\/www.madein-shops.com\/en\/wp-json\/wp\/v2\/comments?post=451798"}],"wp:featuredmedia":[{"embeddable":true,"href":"https:\/\/www.madein-shops.com\/en\/wp-json\/wp\/v2\/media\/452050"}],"wp:attachment":[{"href":"https:\/\/www.madein-shops.com\/en\/wp-json\/wp\/v2\/media?parent=451798"}],"wp:term":[{"taxonomy":"pwb-brand","embeddable":true,"href":"https:\/\/www.madein-shops.com\/en\/wp-json\/wp\/v2\/pwb-brand?post=451798"},{"taxonomy":"product_brand","embeddable":true,"href":"https:\/\/www.madein-shops.com\/en\/wp-json\/wp\/v2\/product_brand?post=451798"},{"taxonomy":"product_cat","embeddable":true,"href":"https:\/\/www.madein-shops.com\/en\/wp-json\/wp\/v2\/product_cat?post=451798"},{"taxonomy":"product_tag","embeddable":true,"href":"https:\/\/www.madein-shops.com\/en\/wp-json\/wp\/v2\/product_tag?post=451798"}],"curies":[{"name":"wp","href":"https:\/\/api.w.org\/{rel}","templated":true}]}}