{"id":451848,"date":"2024-11-19T14:58:48","date_gmt":"2024-11-19T14:58:48","guid":{"rendered":"https:\/\/www.madein-shops.com\/?post_type=product&#038;p=451848"},"modified":"2026-02-16T20:24:35","modified_gmt":"2026-02-16T20:24:35","slug":"bota-prata-em-pele-com-salto-em-bloco","status":"publish","type":"product","link":"https:\/\/www.madein-shops.com\/en\/produto\/bota-prata-em-pele-com-salto-em-bloco\/","title":{"rendered":"BOTA CUBANAS PRATA EM PELE COM SALTO EM BLOCO"},"content":{"rendered":"<div>Botas em pele, com salto em bloco e fecho na lateral. O modelo <strong>VITORIA822SILVER<\/strong> j\u00e1 \u00e9 um best seller da marca portuguesa Cubanas. Elegantes, intemporais e super confort\u00e1veis. Ideais para o dia dia e para quem pretende um estilo descontra\u00eddo e irreverente.<\/div>\n<div><\/div>\n<div><strong>Caracter\u00edsticas<\/strong><\/div>\n<div>Material: Pele<\/div>\n<div>Refer\u00eancia: VITORIA822SILVER<\/div>\n","protected":false},"excerpt":{"rendered":"<div>Botas em camur\u00e7a, com salto em bloco e fecho na lateral. O modelo <strong>VITORIA822SILVER<\/strong> j\u00e1 \u00e9 um best seller da marca portuguesa Cubanas. Elegantes, intemporais e super confort\u00e1veis. Ideais para o dia dia e para quem pretende um estilo descontra\u00eddo e irreverente.<\/div>\n<div><\/div>\n<div><strong>Caracter\u00edsticas<\/strong><\/div>\n<div>Material: Pele<\/div>\n<div>Refer\u00eancia: VITORIA822SILVER<\/div>\n","protected":false},"featured_media":452129,"comment_status":"closed","ping_status":"closed","template":"","meta":[],"pwb-brand":[194],"product_brand":[],"product_cat":[107],"product_tag":[],"class_list":{"0":"post-451848","1":"product","2":"type-product","3":"status-publish","4":"has-post-thumbnail","6":"pwb-brand-cubanas","7":"product_cat-botas-sp","9":"first","10":"instock","11":"sale","12":"taxable","13":"shipping-taxable","14":"purchasable","15":"product-type-variable"},"brands":[{"id":194,"name":"Cubanas","slug":"cubanas"}],"_links":{"self":[{"href":"https:\/\/www.madein-shops.com\/en\/wp-json\/wp\/v2\/product\/451848","targetHints":{"allow":["GET"]}}],"collection":[{"href":"https:\/\/www.madein-shops.com\/en\/wp-json\/wp\/v2\/product"}],"about":[{"href":"https:\/\/www.madein-shops.com\/en\/wp-json\/wp\/v2\/types\/product"}],"replies":[{"embeddable":true,"href":"https:\/\/www.madein-shops.com\/en\/wp-json\/wp\/v2\/comments?post=451848"}],"wp:featuredmedia":[{"embeddable":true,"href":"https:\/\/www.madein-shops.com\/en\/wp-json\/wp\/v2\/media\/452129"}],"wp:attachment":[{"href":"https:\/\/www.madein-shops.com\/en\/wp-json\/wp\/v2\/media?parent=451848"}],"wp:term":[{"taxonomy":"pwb-brand","embeddable":true,"href":"https:\/\/www.madein-shops.com\/en\/wp-json\/wp\/v2\/pwb-brand?post=451848"},{"taxonomy":"product_brand","embeddable":true,"href":"https:\/\/www.madein-shops.com\/en\/wp-json\/wp\/v2\/product_brand?post=451848"},{"taxonomy":"product_cat","embeddable":true,"href":"https:\/\/www.madein-shops.com\/en\/wp-json\/wp\/v2\/product_cat?post=451848"},{"taxonomy":"product_tag","embeddable":true,"href":"https:\/\/www.madein-shops.com\/en\/wp-json\/wp\/v2\/product_tag?post=451848"}],"curies":[{"name":"wp","href":"https:\/\/api.w.org\/{rel}","templated":true}]}}