{"id":451938,"date":"2024-11-19T15:00:33","date_gmt":"2024-11-19T15:00:33","guid":{"rendered":"https:\/\/www.madein-shops.com\/?post_type=product&#038;p=451938"},"modified":"2026-01-30T08:19:36","modified_gmt":"2026-01-30T08:19:36","slug":"bota-em-pele-castanha-com-forro-interior-de-pelo","status":"publish","type":"product","link":"https:\/\/www.madein-shops.com\/en\/produto\/bota-em-pele-castanha-com-forro-interior-de-pelo\/","title":{"rendered":"Bota Cubanas em Pele Castanha com Forro de Pelo"},"content":{"rendered":"<p>As botas Cubanas BIKER300IBROWN\u00a0s\u00e3o o modelo ideal para estar na tend\u00eancia das Combat Boots. Muito confort\u00e1veis e leves.<\/p>\n<p><strong>Caracter\u00edsticas<\/strong><br \/>\nMaterial: Nobuck<br \/>\nSola: Borracha<br \/>\nRefer\u00eancia: BIKER300IBROWN<\/p>\n","protected":false},"excerpt":{"rendered":"<p>As botas Cubanas BIKER300IBROWN\u00a0s\u00e3o o modelo ideal para estar na tend\u00eancia das Combat Boots. Muito confort\u00e1veis e leves.<\/p>\n<p><strong>Caracter\u00edsticas<\/strong><br \/>\nMaterial: Nobuck<br \/>\nSola: Borracha<br \/>\nRefer\u00eancia: BIKER300IBROWN<\/p>\n","protected":false},"featured_media":452211,"comment_status":"closed","ping_status":"closed","template":"","meta":[],"pwb-brand":[194],"product_brand":[],"product_cat":[107],"product_tag":[],"class_list":{"0":"post-451938","1":"product","2":"type-product","3":"status-publish","4":"has-post-thumbnail","6":"pwb-brand-cubanas","7":"product_cat-botas-sp","9":"first","10":"instock","11":"sale","12":"taxable","13":"shipping-taxable","14":"purchasable","15":"product-type-variable"},"brands":[{"id":194,"name":"Cubanas","slug":"cubanas"}],"_links":{"self":[{"href":"https:\/\/www.madein-shops.com\/en\/wp-json\/wp\/v2\/product\/451938","targetHints":{"allow":["GET"]}}],"collection":[{"href":"https:\/\/www.madein-shops.com\/en\/wp-json\/wp\/v2\/product"}],"about":[{"href":"https:\/\/www.madein-shops.com\/en\/wp-json\/wp\/v2\/types\/product"}],"replies":[{"embeddable":true,"href":"https:\/\/www.madein-shops.com\/en\/wp-json\/wp\/v2\/comments?post=451938"}],"wp:featuredmedia":[{"embeddable":true,"href":"https:\/\/www.madein-shops.com\/en\/wp-json\/wp\/v2\/media\/452211"}],"wp:attachment":[{"href":"https:\/\/www.madein-shops.com\/en\/wp-json\/wp\/v2\/media?parent=451938"}],"wp:term":[{"taxonomy":"pwb-brand","embeddable":true,"href":"https:\/\/www.madein-shops.com\/en\/wp-json\/wp\/v2\/pwb-brand?post=451938"},{"taxonomy":"product_brand","embeddable":true,"href":"https:\/\/www.madein-shops.com\/en\/wp-json\/wp\/v2\/product_brand?post=451938"},{"taxonomy":"product_cat","embeddable":true,"href":"https:\/\/www.madein-shops.com\/en\/wp-json\/wp\/v2\/product_cat?post=451938"},{"taxonomy":"product_tag","embeddable":true,"href":"https:\/\/www.madein-shops.com\/en\/wp-json\/wp\/v2\/product_tag?post=451938"}],"curies":[{"name":"wp","href":"https:\/\/api.w.org\/{rel}","templated":true}]}}