{"id":451982,"date":"2024-11-19T15:01:22","date_gmt":"2024-11-19T15:01:22","guid":{"rendered":"https:\/\/www.madein-shops.com\/?post_type=product&#038;p=451982"},"modified":"2026-02-03T20:18:23","modified_gmt":"2026-02-03T20:18:23","slug":"botim-texano-em-pele-castanha-e-salto-em-bloco","status":"publish","type":"product","link":"https:\/\/www.madein-shops.com\/en\/produto\/botim-texano-em-pele-castanha-e-salto-em-bloco\/","title":{"rendered":"BOTIM TEXANO CUBANAS EM PELE CASTANHA"},"content":{"rendered":"<p>Este modelo inspirado no estilo texano, re\u00fane a eleg\u00e2ncia e a sofistica\u00e7\u00e3o num design \u00fanico. Entre nesta tend\u00eancia super irreverentes da Cubanas.<\/p>\n<p><strong>Caracter\u00edsticas<\/strong><br \/>\nMaterial: Pele<br \/>\nRefer\u00eancia: DRINA113BROWN<\/p>\n","protected":false},"excerpt":{"rendered":"<p>Este modelo inspirado no estilo texano, re\u00fane a eleg\u00e2ncia e a sofistica\u00e7\u00e3o num design \u00fanico. Entre nesta tend\u00eancia super irreverentes da Cubanas.<\/p>\n<p><strong>Caracter\u00edsticas<\/strong><br \/>\nMaterial: Pele<br \/>\nRefer\u00eancia: DRINA113BROWN<\/p>\n","protected":false},"featured_media":452249,"comment_status":"closed","ping_status":"closed","template":"","meta":[],"pwb-brand":[194],"product_brand":[],"product_cat":[107],"product_tag":[],"class_list":{"0":"post-451982","1":"product","2":"type-product","3":"status-publish","4":"has-post-thumbnail","6":"pwb-brand-cubanas","7":"product_cat-botas-sp","9":"first","10":"instock","11":"sale","12":"taxable","13":"shipping-taxable","14":"purchasable","15":"product-type-variable"},"brands":[{"id":194,"name":"Cubanas","slug":"cubanas"}],"_links":{"self":[{"href":"https:\/\/www.madein-shops.com\/en\/wp-json\/wp\/v2\/product\/451982","targetHints":{"allow":["GET"]}}],"collection":[{"href":"https:\/\/www.madein-shops.com\/en\/wp-json\/wp\/v2\/product"}],"about":[{"href":"https:\/\/www.madein-shops.com\/en\/wp-json\/wp\/v2\/types\/product"}],"replies":[{"embeddable":true,"href":"https:\/\/www.madein-shops.com\/en\/wp-json\/wp\/v2\/comments?post=451982"}],"wp:featuredmedia":[{"embeddable":true,"href":"https:\/\/www.madein-shops.com\/en\/wp-json\/wp\/v2\/media\/452249"}],"wp:attachment":[{"href":"https:\/\/www.madein-shops.com\/en\/wp-json\/wp\/v2\/media?parent=451982"}],"wp:term":[{"taxonomy":"pwb-brand","embeddable":true,"href":"https:\/\/www.madein-shops.com\/en\/wp-json\/wp\/v2\/pwb-brand?post=451982"},{"taxonomy":"product_brand","embeddable":true,"href":"https:\/\/www.madein-shops.com\/en\/wp-json\/wp\/v2\/product_brand?post=451982"},{"taxonomy":"product_cat","embeddable":true,"href":"https:\/\/www.madein-shops.com\/en\/wp-json\/wp\/v2\/product_cat?post=451982"},{"taxonomy":"product_tag","embeddable":true,"href":"https:\/\/www.madein-shops.com\/en\/wp-json\/wp\/v2\/product_tag?post=451982"}],"curies":[{"name":"wp","href":"https:\/\/api.w.org\/{rel}","templated":true}]}}