{"id":452626,"date":"2024-11-19T15:33:00","date_gmt":"2024-11-19T15:33:00","guid":{"rendered":"https:\/\/www.madein-shops.com\/?post_type=product&#038;p=452626"},"modified":"2026-02-16T20:24:27","modified_gmt":"2026-02-16T20:24:27","slug":"bota-em-camurca-cinza-com-salto-em-bloco","status":"publish","type":"product","link":"https:\/\/www.madein-shops.com\/en\/produto\/bota-em-camurca-cinza-com-salto-em-bloco\/","title":{"rendered":"Bota Cubanas em Camur\u00e7a Cinza com Salto em Bloco"},"content":{"rendered":"<p>As botas Cubanas DRISTI201GREY em camur\u00e7a com salto em bloco. Modernas, elegantes e pr\u00e1ticas para o dia a dia.<\/p>\n<p><strong>Caracter\u00edsticas<\/strong><br \/>\nMaterial: Camur\u00e7a<br \/>\nSalto: 6cm<\/p>\n","protected":false},"excerpt":{"rendered":"<p>As botas Cubanas DRISTI201GREY em camur\u00e7a com salto em bloco. Modernas, elegantes e pr\u00e1ticas para o dia a dia.<\/p>\n<p><strong>Caracter\u00edsticas<\/strong><br \/>\nMaterial: Camur\u00e7a<br \/>\nSalto: 6cm<\/p>\n","protected":false},"featured_media":452744,"comment_status":"closed","ping_status":"closed","template":"","meta":[],"pwb-brand":[194],"product_brand":[],"product_cat":[107],"product_tag":[],"class_list":{"0":"post-452626","1":"product","2":"type-product","3":"status-publish","4":"has-post-thumbnail","6":"pwb-brand-cubanas","7":"product_cat-botas-sp","9":"first","10":"instock","11":"sale","12":"taxable","13":"shipping-taxable","14":"purchasable","15":"product-type-variable"},"brands":[{"id":194,"name":"Cubanas","slug":"cubanas"}],"_links":{"self":[{"href":"https:\/\/www.madein-shops.com\/en\/wp-json\/wp\/v2\/product\/452626","targetHints":{"allow":["GET"]}}],"collection":[{"href":"https:\/\/www.madein-shops.com\/en\/wp-json\/wp\/v2\/product"}],"about":[{"href":"https:\/\/www.madein-shops.com\/en\/wp-json\/wp\/v2\/types\/product"}],"replies":[{"embeddable":true,"href":"https:\/\/www.madein-shops.com\/en\/wp-json\/wp\/v2\/comments?post=452626"}],"wp:featuredmedia":[{"embeddable":true,"href":"https:\/\/www.madein-shops.com\/en\/wp-json\/wp\/v2\/media\/452744"}],"wp:attachment":[{"href":"https:\/\/www.madein-shops.com\/en\/wp-json\/wp\/v2\/media?parent=452626"}],"wp:term":[{"taxonomy":"pwb-brand","embeddable":true,"href":"https:\/\/www.madein-shops.com\/en\/wp-json\/wp\/v2\/pwb-brand?post=452626"},{"taxonomy":"product_brand","embeddable":true,"href":"https:\/\/www.madein-shops.com\/en\/wp-json\/wp\/v2\/product_brand?post=452626"},{"taxonomy":"product_cat","embeddable":true,"href":"https:\/\/www.madein-shops.com\/en\/wp-json\/wp\/v2\/product_cat?post=452626"},{"taxonomy":"product_tag","embeddable":true,"href":"https:\/\/www.madein-shops.com\/en\/wp-json\/wp\/v2\/product_tag?post=452626"}],"curies":[{"name":"wp","href":"https:\/\/api.w.org\/{rel}","templated":true}]}}