{"id":452628,"date":"2024-11-19T15:33:01","date_gmt":"2024-11-19T15:33:01","guid":{"rendered":"https:\/\/www.madein-shops.com\/?post_type=product&#038;p=452628"},"modified":"2026-01-22T14:31:50","modified_gmt":"2026-01-22T14:31:50","slug":"bota-preta-em-pele-com-elastico-lateral-e-sola-tratorada","status":"publish","type":"product","link":"https:\/\/www.madein-shops.com\/en\/produto\/bota-preta-em-pele-com-elastico-lateral-e-sola-tratorada\/","title":{"rendered":"BOTA PRETA CUBANAS EM PELE COM EL\u00c1STICO LATERAL"},"content":{"rendered":"<p>As botas Cubanas MINDY110BLACK s\u00e3o o modelo ideal para estar na tend\u00eancia. Muito confort\u00e1veis e leves.<\/p>\n<p><strong>CARATER\u00cdSTICAS<\/strong><br \/>\nMaterial: Pele<br \/>\nRefer\u00eancia: MINDY110BLACK<\/p>\n","protected":false},"excerpt":{"rendered":"<p>As botas Cubanas MINDY110BLACK s\u00e3o o modelo ideal para estar na tend\u00eancia. Muito confort\u00e1veis e leves.<\/p>\n<p><strong>CARATER\u00cdSTICAS<\/strong><br \/>\nMaterial: Pele<br \/>\nRefer\u00eancia: MINDY110BLACK<\/p>\n","protected":false},"featured_media":452766,"comment_status":"closed","ping_status":"closed","template":"","meta":[],"pwb-brand":[194],"product_brand":[],"product_cat":[107],"product_tag":[],"class_list":{"0":"post-452628","1":"product","2":"type-product","3":"status-publish","4":"has-post-thumbnail","6":"pwb-brand-cubanas","7":"product_cat-botas-sp","9":"first","10":"instock","11":"sale","12":"taxable","13":"shipping-taxable","14":"purchasable","15":"product-type-variable"},"brands":[{"id":194,"name":"Cubanas","slug":"cubanas"}],"_links":{"self":[{"href":"https:\/\/www.madein-shops.com\/en\/wp-json\/wp\/v2\/product\/452628","targetHints":{"allow":["GET"]}}],"collection":[{"href":"https:\/\/www.madein-shops.com\/en\/wp-json\/wp\/v2\/product"}],"about":[{"href":"https:\/\/www.madein-shops.com\/en\/wp-json\/wp\/v2\/types\/product"}],"replies":[{"embeddable":true,"href":"https:\/\/www.madein-shops.com\/en\/wp-json\/wp\/v2\/comments?post=452628"}],"wp:featuredmedia":[{"embeddable":true,"href":"https:\/\/www.madein-shops.com\/en\/wp-json\/wp\/v2\/media\/452766"}],"wp:attachment":[{"href":"https:\/\/www.madein-shops.com\/en\/wp-json\/wp\/v2\/media?parent=452628"}],"wp:term":[{"taxonomy":"pwb-brand","embeddable":true,"href":"https:\/\/www.madein-shops.com\/en\/wp-json\/wp\/v2\/pwb-brand?post=452628"},{"taxonomy":"product_brand","embeddable":true,"href":"https:\/\/www.madein-shops.com\/en\/wp-json\/wp\/v2\/product_brand?post=452628"},{"taxonomy":"product_cat","embeddable":true,"href":"https:\/\/www.madein-shops.com\/en\/wp-json\/wp\/v2\/product_cat?post=452628"},{"taxonomy":"product_tag","embeddable":true,"href":"https:\/\/www.madein-shops.com\/en\/wp-json\/wp\/v2\/product_tag?post=452628"}],"curies":[{"name":"wp","href":"https:\/\/api.w.org\/{rel}","templated":true}]}}