{"id":452631,"date":"2024-11-19T15:33:25","date_gmt":"2024-11-19T15:33:25","guid":{"rendered":"https:\/\/www.madein-shops.com\/?post_type=product&#038;p=452631"},"modified":"2026-03-18T20:09:56","modified_gmt":"2026-03-18T20:09:56","slug":"bota-preta-em-pele-com-salto-em-bloco","status":"publish","type":"product","link":"https:\/\/www.madein-shops.com\/en\/produto\/bota-preta-em-pele-com-salto-em-bloco\/","title":{"rendered":"BOTA PRETA CUBANAS EM PELE COM SALTO EM BLOCO"},"content":{"rendered":"<p>Botas em pele, com salto em bloco e fecho na lateral. O modelo VITORIA821BLACK j\u00e1 \u00e9 um best seller da marca portuguesa Cubanas. Elegantes, intemporais e super confort\u00e1veis. Ideais para o dia dia e para quem pretende um estilo descontra\u00eddo e irreverente.<\/p>\n<p><strong>Caracter\u00edsticas<\/strong><br \/>\nMaterial: Pele<br \/>\nRefer\u00eancia: VITORIA821BLACK<\/p>\n","protected":false},"excerpt":{"rendered":"<p>Botas em pele, com salto em bloco e fecho na lateral. O modelo VITORIA821BLACK j\u00e1 \u00e9 um best seller da marca portuguesa Cubanas. Elegantes, intemporais e super confort\u00e1veis. Ideais para o dia dia e para quem pretende um estilo descontra\u00eddo e irreverente.<\/p>\n<p><strong>Caracter\u00edsticas<\/strong><br \/>\nMaterial: Pele<br \/>\nRefer\u00eancia: VITORIA821BLACK<\/p>\n","protected":false},"featured_media":452800,"comment_status":"closed","ping_status":"closed","template":"","meta":[],"pwb-brand":[194],"product_brand":[],"product_cat":[107],"product_tag":[],"class_list":{"0":"post-452631","1":"product","2":"type-product","3":"status-publish","4":"has-post-thumbnail","6":"pwb-brand-cubanas","7":"product_cat-botas-sp","9":"first","10":"instock","11":"sale","12":"taxable","13":"shipping-taxable","14":"purchasable","15":"product-type-variable"},"brands":[{"id":194,"name":"Cubanas","slug":"cubanas"}],"_links":{"self":[{"href":"https:\/\/www.madein-shops.com\/en\/wp-json\/wp\/v2\/product\/452631","targetHints":{"allow":["GET"]}}],"collection":[{"href":"https:\/\/www.madein-shops.com\/en\/wp-json\/wp\/v2\/product"}],"about":[{"href":"https:\/\/www.madein-shops.com\/en\/wp-json\/wp\/v2\/types\/product"}],"replies":[{"embeddable":true,"href":"https:\/\/www.madein-shops.com\/en\/wp-json\/wp\/v2\/comments?post=452631"}],"wp:featuredmedia":[{"embeddable":true,"href":"https:\/\/www.madein-shops.com\/en\/wp-json\/wp\/v2\/media\/452800"}],"wp:attachment":[{"href":"https:\/\/www.madein-shops.com\/en\/wp-json\/wp\/v2\/media?parent=452631"}],"wp:term":[{"taxonomy":"pwb-brand","embeddable":true,"href":"https:\/\/www.madein-shops.com\/en\/wp-json\/wp\/v2\/pwb-brand?post=452631"},{"taxonomy":"product_brand","embeddable":true,"href":"https:\/\/www.madein-shops.com\/en\/wp-json\/wp\/v2\/product_brand?post=452631"},{"taxonomy":"product_cat","embeddable":true,"href":"https:\/\/www.madein-shops.com\/en\/wp-json\/wp\/v2\/product_cat?post=452631"},{"taxonomy":"product_tag","embeddable":true,"href":"https:\/\/www.madein-shops.com\/en\/wp-json\/wp\/v2\/product_tag?post=452631"}],"curies":[{"name":"wp","href":"https:\/\/api.w.org\/{rel}","templated":true}]}}