{"id":494520,"date":"2023-12-10T10:40:21","date_gmt":"2023-12-10T10:40:21","guid":{"rendered":"https:\/\/www.madein-shops.com\/?post_type=product&#038;p=494520"},"modified":"2026-01-22T14:31:50","modified_gmt":"2026-01-22T14:31:50","slug":"galocha-em-pvc-preto-e-pormenor-de-folhos-verdes","status":"publish","type":"product","link":"https:\/\/www.madein-shops.com\/en\/produto\/galocha-em-pvc-preto-e-pormenor-de-folhos-verdes\/","title":{"rendered":"Galocha Cubanas em PVC Preto e Folhos Verdes"},"content":{"rendered":"<p>RAINY1810GREEN. GALOCHAS, as botas imperme\u00e1veis ideais para a chuva em PVC. Todas as nossas Galochas t\u00eam aroma a baunilha. Super femininas, divertidas e \u00fanicas &#x2665;<\/p>\n<p><strong>Caracter\u00edsticas<\/strong><br \/>\nMaterial: PVC<br \/>\nSalto: 3cm<\/p>\n","protected":false},"excerpt":{"rendered":"<p>RAINY1810GREEN. GALOCHAS, as botas imperme\u00e1veis ideais para a chuva em PVC. Todas as nossas Galochas t\u00eam aroma a baunilha. Super femininas, divertidas e \u00fanicas &#x2665;<\/p>\n<p><strong>Caracter\u00edsticas<\/strong><br \/>\nMaterial: PVC<br \/>\nSalto: 3cm<\/p>\n","protected":false},"featured_media":494537,"comment_status":"closed","ping_status":"closed","template":"","meta":[],"pwb-brand":[194],"product_brand":[],"product_cat":[92,280],"product_tag":[],"class_list":{"0":"post-494520","1":"product","2":"type-product","3":"status-publish","4":"has-post-thumbnail","6":"pwb-brand-cubanas","7":"product_cat-galochas-cubanas","8":"product_cat-galochas-sp","10":"first","11":"instock","12":"sale","13":"taxable","14":"shipping-taxable","15":"purchasable","16":"product-type-variable"},"brands":[{"id":194,"name":"Cubanas","slug":"cubanas"}],"_links":{"self":[{"href":"https:\/\/www.madein-shops.com\/en\/wp-json\/wp\/v2\/product\/494520","targetHints":{"allow":["GET"]}}],"collection":[{"href":"https:\/\/www.madein-shops.com\/en\/wp-json\/wp\/v2\/product"}],"about":[{"href":"https:\/\/www.madein-shops.com\/en\/wp-json\/wp\/v2\/types\/product"}],"replies":[{"embeddable":true,"href":"https:\/\/www.madein-shops.com\/en\/wp-json\/wp\/v2\/comments?post=494520"}],"wp:featuredmedia":[{"embeddable":true,"href":"https:\/\/www.madein-shops.com\/en\/wp-json\/wp\/v2\/media\/494537"}],"wp:attachment":[{"href":"https:\/\/www.madein-shops.com\/en\/wp-json\/wp\/v2\/media?parent=494520"}],"wp:term":[{"taxonomy":"pwb-brand","embeddable":true,"href":"https:\/\/www.madein-shops.com\/en\/wp-json\/wp\/v2\/pwb-brand?post=494520"},{"taxonomy":"product_brand","embeddable":true,"href":"https:\/\/www.madein-shops.com\/en\/wp-json\/wp\/v2\/product_brand?post=494520"},{"taxonomy":"product_cat","embeddable":true,"href":"https:\/\/www.madein-shops.com\/en\/wp-json\/wp\/v2\/product_cat?post=494520"},{"taxonomy":"product_tag","embeddable":true,"href":"https:\/\/www.madein-shops.com\/en\/wp-json\/wp\/v2\/product_tag?post=494520"}],"curies":[{"name":"wp","href":"https:\/\/api.w.org\/{rel}","templated":true}]}}