{"id":507949,"date":"2020-12-17T14:46:02","date_gmt":"2020-12-17T14:46:02","guid":{"rendered":"https:\/\/www.madein-shops.com\/?post_type=product&#038;p=507949"},"modified":"2025-03-12T20:25:53","modified_gmt":"2025-03-12T20:25:53","slug":"bota-em-camurca-camel-e-salto-em-bloco","status":"publish","type":"product","link":"https:\/\/www.madein-shops.com\/en\/produto\/bota-em-camurca-camel-e-salto-em-bloco\/","title":{"rendered":"Bota em Camur\u00e7a Camel e Salto em Bloco"},"content":{"rendered":"<p>As botas Cubanas s\u00e3o modernas, elegantes e pr\u00e1ticas para o dia a dia.<\/p>\n<p><strong>Caracter\u00edsticas<\/strong><br \/>\nMaterial: Camur\u00e7a<br \/>\nRefer\u00eancia: VITORIA540BROWN<\/p>\n","protected":false},"excerpt":{"rendered":"<p>As botas Cubanas s\u00e3o modernas, elegantes e pr\u00e1ticas para o dia a dia.<\/p>\n<p><strong>Caracter\u00edsticas<\/strong><br \/>\nMaterial: Camur\u00e7a<br \/>\nRefer\u00eancia: VITORIA540BROWN<\/p>\n","protected":false},"featured_media":507984,"comment_status":"closed","ping_status":"closed","template":"","meta":[],"pwb-brand":[194],"product_brand":[],"product_cat":[107],"product_tag":[],"class_list":{"0":"post-507949","1":"product","2":"type-product","3":"status-publish","4":"has-post-thumbnail","6":"pwb-brand-cubanas","7":"product_cat-botas-sp","9":"first","10":"instock","11":"sale","12":"taxable","13":"shipping-taxable","14":"purchasable","15":"product-type-variable"},"brands":[{"id":194,"name":"Cubanas","slug":"cubanas"}],"_links":{"self":[{"href":"https:\/\/www.madein-shops.com\/en\/wp-json\/wp\/v2\/product\/507949","targetHints":{"allow":["GET"]}}],"collection":[{"href":"https:\/\/www.madein-shops.com\/en\/wp-json\/wp\/v2\/product"}],"about":[{"href":"https:\/\/www.madein-shops.com\/en\/wp-json\/wp\/v2\/types\/product"}],"replies":[{"embeddable":true,"href":"https:\/\/www.madein-shops.com\/en\/wp-json\/wp\/v2\/comments?post=507949"}],"wp:featuredmedia":[{"embeddable":true,"href":"https:\/\/www.madein-shops.com\/en\/wp-json\/wp\/v2\/media\/507984"}],"wp:attachment":[{"href":"https:\/\/www.madein-shops.com\/en\/wp-json\/wp\/v2\/media?parent=507949"}],"wp:term":[{"taxonomy":"pwb-brand","embeddable":true,"href":"https:\/\/www.madein-shops.com\/en\/wp-json\/wp\/v2\/pwb-brand?post=507949"},{"taxonomy":"product_brand","embeddable":true,"href":"https:\/\/www.madein-shops.com\/en\/wp-json\/wp\/v2\/product_brand?post=507949"},{"taxonomy":"product_cat","embeddable":true,"href":"https:\/\/www.madein-shops.com\/en\/wp-json\/wp\/v2\/product_cat?post=507949"},{"taxonomy":"product_tag","embeddable":true,"href":"https:\/\/www.madein-shops.com\/en\/wp-json\/wp\/v2\/product_tag?post=507949"}],"curies":[{"name":"wp","href":"https:\/\/api.w.org\/{rel}","templated":true}]}}