{"id":57908,"date":"2024-04-11T15:33:19","date_gmt":"2024-04-11T15:33:19","guid":{"rendered":"https:\/\/www.madein-shops.com\/?post_type=product&#038;p=57908"},"modified":"2026-03-09T20:10:36","modified_gmt":"2026-03-09T20:10:36","slug":"sandalia-de-plataforma-com-glitter-verde","status":"publish","type":"product","link":"https:\/\/www.madein-shops.com\/en\/produto\/sandalia-de-plataforma-com-glitter-verde\/","title":{"rendered":"Sand\u00e1lia Plataforma Cubanas com Glitter Verde"},"content":{"rendered":"<div>Sand\u00e1lia de plataforma com glitter e el\u00e1stico traseiro. A sand\u00e1lia ADD100GREEN da Cubanas traz consigo a mistura da eleg\u00e2ncia com as linhas cl\u00e1ssicas que enaltecem este modelo.<\/div>\n<div><\/div>\n<div><strong>Caracter\u00edsticas<\/strong><\/div>\n<div>Materiais: Glitter e EVA<\/div>\n<div>Refer\u00eancia: ADD100GREEN<\/div>\n","protected":false},"excerpt":{"rendered":"<div>Sand\u00e1lia de plataforma com glitter e el\u00e1stico traseiro. A sand\u00e1lia ADD100GREEN da Cubanas traz consigo a mistura da eleg\u00e2ncia com as linhas cl\u00e1ssicas que enaltecem este modelo.<\/div>\n<div><\/div>\n<div><strong>Caracter\u00edsticas<\/strong><\/div>\n<div>Materiais: Glitter e EVA<\/div>\n<div>Refer\u00eancia: ADD100GREEN<\/div>\n","protected":false},"featured_media":57917,"comment_status":"open","ping_status":"closed","template":"","meta":[],"pwb-brand":[194],"product_brand":[],"product_cat":[72,89],"product_tag":[],"class_list":{"0":"post-57908","1":"product","2":"type-product","3":"status-publish","4":"has-post-thumbnail","6":"pwb-brand-cubanas","7":"product_cat-sandalias-2","8":"product_cat-sandalias-cubanas","10":"first","11":"instock","12":"sale","13":"taxable","14":"shipping-taxable","15":"purchasable","16":"product-type-variable"},"brands":[{"id":194,"name":"Cubanas","slug":"cubanas"}],"_links":{"self":[{"href":"https:\/\/www.madein-shops.com\/en\/wp-json\/wp\/v2\/product\/57908","targetHints":{"allow":["GET"]}}],"collection":[{"href":"https:\/\/www.madein-shops.com\/en\/wp-json\/wp\/v2\/product"}],"about":[{"href":"https:\/\/www.madein-shops.com\/en\/wp-json\/wp\/v2\/types\/product"}],"replies":[{"embeddable":true,"href":"https:\/\/www.madein-shops.com\/en\/wp-json\/wp\/v2\/comments?post=57908"}],"wp:featuredmedia":[{"embeddable":true,"href":"https:\/\/www.madein-shops.com\/en\/wp-json\/wp\/v2\/media\/57917"}],"wp:attachment":[{"href":"https:\/\/www.madein-shops.com\/en\/wp-json\/wp\/v2\/media?parent=57908"}],"wp:term":[{"taxonomy":"pwb-brand","embeddable":true,"href":"https:\/\/www.madein-shops.com\/en\/wp-json\/wp\/v2\/pwb-brand?post=57908"},{"taxonomy":"product_brand","embeddable":true,"href":"https:\/\/www.madein-shops.com\/en\/wp-json\/wp\/v2\/product_brand?post=57908"},{"taxonomy":"product_cat","embeddable":true,"href":"https:\/\/www.madein-shops.com\/en\/wp-json\/wp\/v2\/product_cat?post=57908"},{"taxonomy":"product_tag","embeddable":true,"href":"https:\/\/www.madein-shops.com\/en\/wp-json\/wp\/v2\/product_tag?post=57908"}],"curies":[{"name":"wp","href":"https:\/\/api.w.org\/{rel}","templated":true}]}}