{"id":57962,"date":"2024-04-16T09:38:18","date_gmt":"2024-04-16T09:38:18","guid":{"rendered":"https:\/\/www.madein-shops.com\/?post_type=product&#038;p=57962"},"modified":"2026-02-16T20:24:23","modified_gmt":"2026-02-16T20:24:23","slug":"sandalia-de-plataforma-em-camurca-castanha","status":"publish","type":"product","link":"https:\/\/www.madein-shops.com\/en\/produto\/sandalia-de-plataforma-em-camurca-castanha\/","title":{"rendered":"Sand\u00e1lia Plataforma Cubanas em Camur\u00e7a Castanha"},"content":{"rendered":"<p>Sand\u00e1lia de plataforma em camur\u00e7a e el\u00e1stico traseiro. A sand\u00e1lia ADD102BROWN da Cubanas traz consigo a mistura da eleg\u00e2ncia com as linhas cl\u00e1ssicas que enaltecem este modelo.<\/p>\n<p><strong>Caracter\u00edsticas<\/strong><br \/>\nMateriais: Camur\u00e7a e EVA<br \/>\nRefer\u00eancia: ADD102BROWN<\/p>\n","protected":false},"excerpt":{"rendered":"<p>Sand\u00e1lia de plataforma em camur\u00e7a e el\u00e1stico traseiro. A sand\u00e1lia ADD102BROWN da Cubanas traz consigo a mistura da eleg\u00e2ncia com as linhas cl\u00e1ssicas que enaltecem este modelo.<\/p>\n<p><strong>Caracter\u00edsticas<\/strong><br \/>\nMateriais: Camur\u00e7a e EVA<br \/>\nRefer\u00eancia: ADD102BROWN<\/p>\n","protected":false},"featured_media":57998,"comment_status":"open","ping_status":"closed","template":"","meta":[],"pwb-brand":[194],"product_brand":[],"product_cat":[89,72],"product_tag":[],"class_list":{"0":"post-57962","1":"product","2":"type-product","3":"status-publish","4":"has-post-thumbnail","6":"pwb-brand-cubanas","7":"product_cat-sandalias-cubanas","8":"product_cat-sandalias-2","10":"first","11":"instock","12":"sale","13":"taxable","14":"shipping-taxable","15":"purchasable","16":"product-type-variable"},"brands":[{"id":194,"name":"Cubanas","slug":"cubanas"}],"_links":{"self":[{"href":"https:\/\/www.madein-shops.com\/en\/wp-json\/wp\/v2\/product\/57962","targetHints":{"allow":["GET"]}}],"collection":[{"href":"https:\/\/www.madein-shops.com\/en\/wp-json\/wp\/v2\/product"}],"about":[{"href":"https:\/\/www.madein-shops.com\/en\/wp-json\/wp\/v2\/types\/product"}],"replies":[{"embeddable":true,"href":"https:\/\/www.madein-shops.com\/en\/wp-json\/wp\/v2\/comments?post=57962"}],"wp:featuredmedia":[{"embeddable":true,"href":"https:\/\/www.madein-shops.com\/en\/wp-json\/wp\/v2\/media\/57998"}],"wp:attachment":[{"href":"https:\/\/www.madein-shops.com\/en\/wp-json\/wp\/v2\/media?parent=57962"}],"wp:term":[{"taxonomy":"pwb-brand","embeddable":true,"href":"https:\/\/www.madein-shops.com\/en\/wp-json\/wp\/v2\/pwb-brand?post=57962"},{"taxonomy":"product_brand","embeddable":true,"href":"https:\/\/www.madein-shops.com\/en\/wp-json\/wp\/v2\/product_brand?post=57962"},{"taxonomy":"product_cat","embeddable":true,"href":"https:\/\/www.madein-shops.com\/en\/wp-json\/wp\/v2\/product_cat?post=57962"},{"taxonomy":"product_tag","embeddable":true,"href":"https:\/\/www.madein-shops.com\/en\/wp-json\/wp\/v2\/product_tag?post=57962"}],"curies":[{"name":"wp","href":"https:\/\/api.w.org\/{rel}","templated":true}]}}