{"id":58187,"date":"2024-04-16T11:00:08","date_gmt":"2024-04-16T11:00:08","guid":{"rendered":"https:\/\/www.madein-shops.com\/?post_type=product&#038;p=58187"},"modified":"2026-04-18T19:09:09","modified_gmt":"2026-04-18T19:09:09","slug":"sandalia-em-pele-gold-com-tiras-e-pormenor-em-brilhantes","status":"publish","type":"product","link":"https:\/\/www.madein-shops.com\/en\/produto\/sandalia-em-pele-gold-com-tiras-e-pormenor-em-brilhantes\/","title":{"rendered":"Sand\u00e1lia Cubanas em Pele Dourada e Tiras"},"content":{"rendered":"<p>Sand\u00e1lia em pele, com m\u00faltiplas tiras, pormenor em brilhantes e salto em bloco m\u00e9dio. A sand\u00e1lia GRAZIA100GOLD da Cubanas traz consigo a mistura da eleg\u00e2ncia com as linhas cl\u00e1ssicas que enaltecem este modelo.<\/p>\n<p><strong>Caracter\u00edsticas<\/strong><br \/>\nMateriais: Pele e brilhantes<br \/>\nRefer\u00eancia: GRAZIA100GOLD<\/p>\n","protected":false},"excerpt":{"rendered":"<p>Sand\u00e1lia em pele, com m\u00faltiplas tiras, pormenor em brilhantes e salto em bloco m\u00e9dio. A sand\u00e1lia GRAZIA100GOLD da Cubanas traz consigo a mistura da eleg\u00e2ncia com as linhas cl\u00e1ssicas que enaltecem este modelo.<\/p>\n<p><strong>Caracter\u00edsticas<\/strong><br \/>\nMateriais: Pele e brilhantes<br \/>\nRefer\u00eancia: GRAZIA100GOLD<\/p>\n","protected":false},"featured_media":58212,"comment_status":"open","ping_status":"closed","template":"","meta":[],"pwb-brand":[194],"product_brand":[],"product_cat":[89,72],"product_tag":[],"class_list":{"0":"post-58187","1":"product","2":"type-product","3":"status-publish","4":"has-post-thumbnail","6":"pwb-brand-cubanas","7":"product_cat-sandalias-cubanas","8":"product_cat-sandalias-2","10":"first","11":"instock","12":"sale","13":"taxable","14":"shipping-taxable","15":"purchasable","16":"product-type-variable"},"brands":[{"id":194,"name":"Cubanas","slug":"cubanas"}],"_links":{"self":[{"href":"https:\/\/www.madein-shops.com\/en\/wp-json\/wp\/v2\/product\/58187","targetHints":{"allow":["GET"]}}],"collection":[{"href":"https:\/\/www.madein-shops.com\/en\/wp-json\/wp\/v2\/product"}],"about":[{"href":"https:\/\/www.madein-shops.com\/en\/wp-json\/wp\/v2\/types\/product"}],"replies":[{"embeddable":true,"href":"https:\/\/www.madein-shops.com\/en\/wp-json\/wp\/v2\/comments?post=58187"}],"wp:featuredmedia":[{"embeddable":true,"href":"https:\/\/www.madein-shops.com\/en\/wp-json\/wp\/v2\/media\/58212"}],"wp:attachment":[{"href":"https:\/\/www.madein-shops.com\/en\/wp-json\/wp\/v2\/media?parent=58187"}],"wp:term":[{"taxonomy":"pwb-brand","embeddable":true,"href":"https:\/\/www.madein-shops.com\/en\/wp-json\/wp\/v2\/pwb-brand?post=58187"},{"taxonomy":"product_brand","embeddable":true,"href":"https:\/\/www.madein-shops.com\/en\/wp-json\/wp\/v2\/product_brand?post=58187"},{"taxonomy":"product_cat","embeddable":true,"href":"https:\/\/www.madein-shops.com\/en\/wp-json\/wp\/v2\/product_cat?post=58187"},{"taxonomy":"product_tag","embeddable":true,"href":"https:\/\/www.madein-shops.com\/en\/wp-json\/wp\/v2\/product_tag?post=58187"}],"curies":[{"name":"wp","href":"https:\/\/api.w.org\/{rel}","templated":true}]}}