{"id":58236,"date":"2024-04-16T13:47:05","date_gmt":"2024-04-16T13:47:05","guid":{"rendered":"https:\/\/www.madein-shops.com\/?post_type=product&#038;p=58236"},"modified":"2026-04-18T19:09:09","modified_gmt":"2026-04-18T19:09:09","slug":"sandalia-com-plataforma-e-tiras-metalizadas","status":"publish","type":"product","link":"https:\/\/www.madein-shops.com\/en\/produto\/sandalia-com-plataforma-e-tiras-metalizadas\/","title":{"rendered":"Sand\u00e1lia Plataforma Cubanas e Tiras Metalizadas"},"content":{"rendered":"<p>Sand\u00e1lia com plataforma e tiras em pele metalizada. A sand\u00e1lia KORPO110BROWN da Cubanas traz consigo a mistura da eleg\u00e2ncia com as linhas cl\u00e1ssicas que enaltecem este modelo.<\/p>\n<p><strong>Caracter\u00edsticas<\/strong><br \/>\nMateriais: Pele e R\u00e1fia<br \/>\nRefer\u00eancia: KORPO110BROWN<\/p>\n","protected":false},"excerpt":{"rendered":"<p>Sand\u00e1lia com plataforma e tiras em pele metalizada. A sand\u00e1lia KORPO110BROWN da Cubanas traz consigo a mistura da eleg\u00e2ncia com as linhas cl\u00e1ssicas que enaltecem este modelo.<\/p>\n<p><strong>Caracter\u00edsticas<\/strong><br \/>\nMateriais: Pele e R\u00e1fia<br \/>\nRefer\u00eancia: KORPO110BROWN<\/p>\n","protected":false},"featured_media":58244,"comment_status":"open","ping_status":"closed","template":"","meta":[],"pwb-brand":[194],"product_brand":[],"product_cat":[89,72],"product_tag":[],"class_list":{"0":"post-58236","1":"product","2":"type-product","3":"status-publish","4":"has-post-thumbnail","6":"pwb-brand-cubanas","7":"product_cat-sandalias-cubanas","8":"product_cat-sandalias-2","10":"first","11":"instock","12":"sale","13":"taxable","14":"shipping-taxable","15":"purchasable","16":"product-type-variable"},"brands":[{"id":194,"name":"Cubanas","slug":"cubanas"}],"_links":{"self":[{"href":"https:\/\/www.madein-shops.com\/en\/wp-json\/wp\/v2\/product\/58236","targetHints":{"allow":["GET"]}}],"collection":[{"href":"https:\/\/www.madein-shops.com\/en\/wp-json\/wp\/v2\/product"}],"about":[{"href":"https:\/\/www.madein-shops.com\/en\/wp-json\/wp\/v2\/types\/product"}],"replies":[{"embeddable":true,"href":"https:\/\/www.madein-shops.com\/en\/wp-json\/wp\/v2\/comments?post=58236"}],"wp:featuredmedia":[{"embeddable":true,"href":"https:\/\/www.madein-shops.com\/en\/wp-json\/wp\/v2\/media\/58244"}],"wp:attachment":[{"href":"https:\/\/www.madein-shops.com\/en\/wp-json\/wp\/v2\/media?parent=58236"}],"wp:term":[{"taxonomy":"pwb-brand","embeddable":true,"href":"https:\/\/www.madein-shops.com\/en\/wp-json\/wp\/v2\/pwb-brand?post=58236"},{"taxonomy":"product_brand","embeddable":true,"href":"https:\/\/www.madein-shops.com\/en\/wp-json\/wp\/v2\/product_brand?post=58236"},{"taxonomy":"product_cat","embeddable":true,"href":"https:\/\/www.madein-shops.com\/en\/wp-json\/wp\/v2\/product_cat?post=58236"},{"taxonomy":"product_tag","embeddable":true,"href":"https:\/\/www.madein-shops.com\/en\/wp-json\/wp\/v2\/product_tag?post=58236"}],"curies":[{"name":"wp","href":"https:\/\/api.w.org\/{rel}","templated":true}]}}