{"id":58529,"date":"2024-04-16T15:31:38","date_gmt":"2024-04-16T15:31:38","guid":{"rendered":"https:\/\/www.madein-shops.com\/?post_type=product&#038;p=58529"},"modified":"2026-04-10T19:11:59","modified_gmt":"2026-04-10T19:11:59","slug":"sandalia-em-pele-brown-e-tiras-com-aplicacoes-em-gold","status":"publish","type":"product","link":"https:\/\/www.madein-shops.com\/en\/produto\/sandalia-em-pele-brown-e-tiras-com-aplicacoes-em-gold\/","title":{"rendered":"Sand\u00e1lia Cubanas em Pele Castanha e Pormenor Dourado"},"content":{"rendered":"<p>Sand\u00e1lia em pele, com tira e aplica\u00e7\u00f5es em gold. A sand\u00e1lia KADE450BROWN traz consigo a mistura da eleg\u00e2ncia com as linhas cl\u00e1ssicas que enaltecem este modelo.<\/p>\n<p><strong>Caracter\u00edsticas<\/strong><br \/>\nMateriais: Pele<br \/>\nRefer\u00eancia: KADE450BROWN<\/p>\n","protected":false},"excerpt":{"rendered":"<p>Sand\u00e1lia em pele, com tira e aplica\u00e7\u00f5es em gold. A sand\u00e1lia KADE450BROWN traz consigo a mistura da eleg\u00e2ncia com as linhas cl\u00e1ssicas que enaltecem este modelo.<\/p>\n<p><strong>Caracter\u00edsticas<\/strong><br \/>\nMateriais: Pele<br \/>\nRefer\u00eancia: KADE450BROWN<\/p>\n","protected":false},"featured_media":58537,"comment_status":"open","ping_status":"closed","template":"","meta":[],"pwb-brand":[194],"product_brand":[],"product_cat":[72,89],"product_tag":[],"class_list":{"0":"post-58529","1":"product","2":"type-product","3":"status-publish","4":"has-post-thumbnail","6":"pwb-brand-cubanas","7":"product_cat-sandalias-2","8":"product_cat-sandalias-cubanas","10":"first","11":"instock","12":"sale","13":"taxable","14":"shipping-taxable","15":"purchasable","16":"product-type-variable"},"brands":[{"id":194,"name":"Cubanas","slug":"cubanas"}],"_links":{"self":[{"href":"https:\/\/www.madein-shops.com\/en\/wp-json\/wp\/v2\/product\/58529","targetHints":{"allow":["GET"]}}],"collection":[{"href":"https:\/\/www.madein-shops.com\/en\/wp-json\/wp\/v2\/product"}],"about":[{"href":"https:\/\/www.madein-shops.com\/en\/wp-json\/wp\/v2\/types\/product"}],"replies":[{"embeddable":true,"href":"https:\/\/www.madein-shops.com\/en\/wp-json\/wp\/v2\/comments?post=58529"}],"wp:featuredmedia":[{"embeddable":true,"href":"https:\/\/www.madein-shops.com\/en\/wp-json\/wp\/v2\/media\/58537"}],"wp:attachment":[{"href":"https:\/\/www.madein-shops.com\/en\/wp-json\/wp\/v2\/media?parent=58529"}],"wp:term":[{"taxonomy":"pwb-brand","embeddable":true,"href":"https:\/\/www.madein-shops.com\/en\/wp-json\/wp\/v2\/pwb-brand?post=58529"},{"taxonomy":"product_brand","embeddable":true,"href":"https:\/\/www.madein-shops.com\/en\/wp-json\/wp\/v2\/product_brand?post=58529"},{"taxonomy":"product_cat","embeddable":true,"href":"https:\/\/www.madein-shops.com\/en\/wp-json\/wp\/v2\/product_cat?post=58529"},{"taxonomy":"product_tag","embeddable":true,"href":"https:\/\/www.madein-shops.com\/en\/wp-json\/wp\/v2\/product_tag?post=58529"}],"curies":[{"name":"wp","href":"https:\/\/api.w.org\/{rel}","templated":true}]}}