{"id":58658,"date":"2024-04-17T08:42:29","date_gmt":"2024-04-17T08:42:29","guid":{"rendered":"https:\/\/www.madein-shops.com\/?post_type=product&#038;p=58658"},"modified":"2026-04-10T13:06:32","modified_gmt":"2026-04-10T13:06:32","slug":"mule-em-pele-gold-com-multiplas-tiras-e-salto-em-bloco","status":"publish","type":"product","link":"https:\/\/www.madein-shops.com\/en\/produto\/mule-em-pele-gold-com-multiplas-tiras-e-salto-em-bloco\/","title":{"rendered":"Mule Cubanas em Pele Dourada com M\u00faltiplas Tiras"},"content":{"rendered":"<p>Mule em pele gold com m\u00faltiplas tiras e salto m\u00e9dio em bloco. O modelo NAT120GOLD combina um estilo cl\u00e1ssico com um toque moderno. \u00c9 perfeito para quem pretende um outfit arrojado para as mais diversas ocasi\u00f5es.<\/p>\n<p><strong>Caracter\u00edsticas<\/strong><br \/>\nMaterial: Pele<br \/>\nRefer\u00eancia: NAT120GOLD<\/p>\n","protected":false},"excerpt":{"rendered":"<p>Mule em pele gold com m\u00faltiplas tiras e salto m\u00e9dio em bloco. O modelo NAT120GOLD combina um estilo cl\u00e1ssico com um toque moderno. \u00c9 perfeito para quem pretende um outfit arrojado para as mais diversas ocasi\u00f5es.<\/p>\n<p><strong>Caracter\u00edsticas<\/strong><br \/>\nMaterial: Pele<br \/>\nRefer\u00eancia: NAT120GOLD<\/p>\n","protected":false},"featured_media":58666,"comment_status":"open","ping_status":"closed","template":"","meta":[],"pwb-brand":[194],"product_brand":[],"product_cat":[72,89],"product_tag":[],"class_list":{"0":"post-58658","1":"product","2":"type-product","3":"status-publish","4":"has-post-thumbnail","6":"pwb-brand-cubanas","7":"product_cat-sandalias-2","8":"product_cat-sandalias-cubanas","10":"first","11":"instock","12":"sale","13":"taxable","14":"shipping-taxable","15":"purchasable","16":"product-type-variable"},"brands":[{"id":194,"name":"Cubanas","slug":"cubanas"}],"_links":{"self":[{"href":"https:\/\/www.madein-shops.com\/en\/wp-json\/wp\/v2\/product\/58658","targetHints":{"allow":["GET"]}}],"collection":[{"href":"https:\/\/www.madein-shops.com\/en\/wp-json\/wp\/v2\/product"}],"about":[{"href":"https:\/\/www.madein-shops.com\/en\/wp-json\/wp\/v2\/types\/product"}],"replies":[{"embeddable":true,"href":"https:\/\/www.madein-shops.com\/en\/wp-json\/wp\/v2\/comments?post=58658"}],"wp:featuredmedia":[{"embeddable":true,"href":"https:\/\/www.madein-shops.com\/en\/wp-json\/wp\/v2\/media\/58666"}],"wp:attachment":[{"href":"https:\/\/www.madein-shops.com\/en\/wp-json\/wp\/v2\/media?parent=58658"}],"wp:term":[{"taxonomy":"pwb-brand","embeddable":true,"href":"https:\/\/www.madein-shops.com\/en\/wp-json\/wp\/v2\/pwb-brand?post=58658"},{"taxonomy":"product_brand","embeddable":true,"href":"https:\/\/www.madein-shops.com\/en\/wp-json\/wp\/v2\/product_brand?post=58658"},{"taxonomy":"product_cat","embeddable":true,"href":"https:\/\/www.madein-shops.com\/en\/wp-json\/wp\/v2\/product_cat?post=58658"},{"taxonomy":"product_tag","embeddable":true,"href":"https:\/\/www.madein-shops.com\/en\/wp-json\/wp\/v2\/product_tag?post=58658"}],"curies":[{"name":"wp","href":"https:\/\/api.w.org\/{rel}","templated":true}]}}