{"id":58738,"date":"2024-04-17T09:16:20","date_gmt":"2024-04-17T09:16:20","guid":{"rendered":"https:\/\/www.madein-shops.com\/?post_type=product&#038;p=58738"},"modified":"2026-02-16T20:24:30","modified_gmt":"2026-02-16T20:24:30","slug":"sandalia-em-pele-silver-com-tira-de-brilhantes-e-pormenor-em-no","status":"publish","type":"product","link":"https:\/\/www.madein-shops.com\/en\/produto\/sandalia-em-pele-silver-com-tira-de-brilhantes-e-pormenor-em-no\/","title":{"rendered":"Sand\u00e1lia Cubanas em Pele Prata com Tira de Brilhantes"},"content":{"rendered":"<p>Sand\u00e1lia em pele e tira de brilhantes com pormenor em n\u00f3. O modelo KIF100SILVER da Cubanas \u00e9 o must-have deste Ver\u00e3o. Confort\u00e1vel, fresh e fashion para completar o seu outfit em qualquer momento do seu dia.<\/p>\n<p><strong>Caracter\u00edsticas<\/strong><br \/>\nMateriais: Pele e pedras brilhantes<br \/>\nRefer\u00eancia: KIF100SILVER<\/p>\n","protected":false},"excerpt":{"rendered":"<p>Sand\u00e1lia em pele e tira de brilhantes com pormenor em n\u00f3. O modelo KIF100SILVER da Cubanas \u00e9 o must-have deste Ver\u00e3o. Confort\u00e1vel, fresh e fashion para completar o seu outfit em qualquer momento do seu dia.<\/p>\n<p><strong>Caracter\u00edsticas<\/strong><br \/>\nMateriais: Pele e pedras brilhantes<br \/>\nRefer\u00eancia: KIF100SILVER<\/p>\n","protected":false},"featured_media":58746,"comment_status":"open","ping_status":"closed","template":"","meta":[],"pwb-brand":[194],"product_brand":[],"product_cat":[210,238],"product_tag":[],"class_list":{"0":"post-58738","1":"product","2":"type-product","3":"status-publish","4":"has-post-thumbnail","6":"pwb-brand-cubanas","7":"product_cat-sandals-nc-en","8":"product_cat-sandals-cubanas","10":"first","11":"instock","12":"sale","13":"taxable","14":"shipping-taxable","15":"purchasable","16":"product-type-variable"},"brands":[{"id":194,"name":"Cubanas","slug":"cubanas"}],"_links":{"self":[{"href":"https:\/\/www.madein-shops.com\/en\/wp-json\/wp\/v2\/product\/58738","targetHints":{"allow":["GET"]}}],"collection":[{"href":"https:\/\/www.madein-shops.com\/en\/wp-json\/wp\/v2\/product"}],"about":[{"href":"https:\/\/www.madein-shops.com\/en\/wp-json\/wp\/v2\/types\/product"}],"replies":[{"embeddable":true,"href":"https:\/\/www.madein-shops.com\/en\/wp-json\/wp\/v2\/comments?post=58738"}],"wp:featuredmedia":[{"embeddable":true,"href":"https:\/\/www.madein-shops.com\/en\/wp-json\/wp\/v2\/media\/58746"}],"wp:attachment":[{"href":"https:\/\/www.madein-shops.com\/en\/wp-json\/wp\/v2\/media?parent=58738"}],"wp:term":[{"taxonomy":"pwb-brand","embeddable":true,"href":"https:\/\/www.madein-shops.com\/en\/wp-json\/wp\/v2\/pwb-brand?post=58738"},{"taxonomy":"product_brand","embeddable":true,"href":"https:\/\/www.madein-shops.com\/en\/wp-json\/wp\/v2\/product_brand?post=58738"},{"taxonomy":"product_cat","embeddable":true,"href":"https:\/\/www.madein-shops.com\/en\/wp-json\/wp\/v2\/product_cat?post=58738"},{"taxonomy":"product_tag","embeddable":true,"href":"https:\/\/www.madein-shops.com\/en\/wp-json\/wp\/v2\/product_tag?post=58738"}],"curies":[{"name":"wp","href":"https:\/\/api.w.org\/{rel}","templated":true}]}}