{"id":58787,"date":"2024-04-17T09:40:18","date_gmt":"2024-04-17T09:40:18","guid":{"rendered":"https:\/\/www.madein-shops.com\/?post_type=product&#038;p=58787"},"modified":"2026-04-18T19:09:08","modified_gmt":"2026-04-18T19:09:08","slug":"sandalia-rasa-em-pele-castanha-e-tira-com-pormenor","status":"publish","type":"product","link":"https:\/\/www.madein-shops.com\/en\/produto\/sandalia-rasa-em-pele-castanha-e-tira-com-pormenor\/","title":{"rendered":"Sand\u00e1lia Cubanas em Pele Castanha e Tira com Pormenor"},"content":{"rendered":"<p>Sand\u00e1lia rasa em pele castanha e tira com pormenor. O modelo DALLILA330BROWN da Cubanas, para al\u00e9m de confort\u00e1vel, torna-se descontra\u00eddo e perfeito para os dias tranquilos de Ver\u00e3o.<\/p>\n<p><strong>Caracter\u00edsticas<\/strong><br \/>\nMaterial: Pele<br \/>\nRefer\u00eancia: DALLILA330BROWN<\/p>\n","protected":false},"excerpt":{"rendered":"<p>Sand\u00e1lia rasa em pele castanha e tira com pormenor. O modelo DALLILA330BROWN da Cubanas, para al\u00e9m de confort\u00e1vel, torna-se descontra\u00eddo e perfeito para os dias tranquilos de Ver\u00e3o.<\/p>\n<p><strong>Caracter\u00edsticas<\/strong><br \/>\nMaterial: Pele<br \/>\nRefer\u00eancia: DALLILA330BROWN<\/p>\n","protected":false},"featured_media":58795,"comment_status":"open","ping_status":"closed","template":"","meta":[],"pwb-brand":[194],"product_brand":[],"product_cat":[89,72],"product_tag":[],"class_list":{"0":"post-58787","1":"product","2":"type-product","3":"status-publish","4":"has-post-thumbnail","6":"pwb-brand-cubanas","7":"product_cat-sandalias-cubanas","8":"product_cat-sandalias-2","10":"first","11":"instock","12":"sale","13":"taxable","14":"shipping-taxable","15":"purchasable","16":"product-type-variable"},"brands":[{"id":194,"name":"Cubanas","slug":"cubanas"}],"_links":{"self":[{"href":"https:\/\/www.madein-shops.com\/en\/wp-json\/wp\/v2\/product\/58787","targetHints":{"allow":["GET"]}}],"collection":[{"href":"https:\/\/www.madein-shops.com\/en\/wp-json\/wp\/v2\/product"}],"about":[{"href":"https:\/\/www.madein-shops.com\/en\/wp-json\/wp\/v2\/types\/product"}],"replies":[{"embeddable":true,"href":"https:\/\/www.madein-shops.com\/en\/wp-json\/wp\/v2\/comments?post=58787"}],"wp:featuredmedia":[{"embeddable":true,"href":"https:\/\/www.madein-shops.com\/en\/wp-json\/wp\/v2\/media\/58795"}],"wp:attachment":[{"href":"https:\/\/www.madein-shops.com\/en\/wp-json\/wp\/v2\/media?parent=58787"}],"wp:term":[{"taxonomy":"pwb-brand","embeddable":true,"href":"https:\/\/www.madein-shops.com\/en\/wp-json\/wp\/v2\/pwb-brand?post=58787"},{"taxonomy":"product_brand","embeddable":true,"href":"https:\/\/www.madein-shops.com\/en\/wp-json\/wp\/v2\/product_brand?post=58787"},{"taxonomy":"product_cat","embeddable":true,"href":"https:\/\/www.madein-shops.com\/en\/wp-json\/wp\/v2\/product_cat?post=58787"},{"taxonomy":"product_tag","embeddable":true,"href":"https:\/\/www.madein-shops.com\/en\/wp-json\/wp\/v2\/product_tag?post=58787"}],"curies":[{"name":"wp","href":"https:\/\/api.w.org\/{rel}","templated":true}]}}