{"id":58803,"date":"2024-04-17T09:45:08","date_gmt":"2024-04-17T09:45:08","guid":{"rendered":"https:\/\/www.madein-shops.com\/?post_type=product&#038;p=58803"},"modified":"2026-02-16T20:24:26","modified_gmt":"2026-02-16T20:24:26","slug":"sandalia-rasa-em-pele-white-e-tira-com-pormenor","status":"publish","type":"product","link":"https:\/\/www.madein-shops.com\/en\/produto\/sandalia-rasa-em-pele-white-e-tira-com-pormenor\/","title":{"rendered":"Sand\u00e1lia Cubanas em Pele Branca e Tira com Pormenor"},"content":{"rendered":"<p>Sand\u00e1lia rasa em pele white e tira com pormenor. O modelo DALLILA330WHITE da Cubanas, para al\u00e9m de confort\u00e1vel, torna-se descontra\u00eddo e perfeito para os dias tranquilos de Ver\u00e3o.<\/p>\n<p><strong>Caracter\u00edsticas<\/strong><br \/>\nMaterial: Pele<br \/>\nRefer\u00eancia: DALLILA330WHITE<\/p>\n","protected":false},"excerpt":{"rendered":"<p>Sand\u00e1lia rasa em pele white e tira com pormenor. O modelo DALLILA330WHITE da Cubanas, para al\u00e9m de confort\u00e1vel, torna-se descontra\u00eddo e perfeito para os dias tranquilos de Ver\u00e3o.<\/p>\n<p><strong>Caracter\u00edsticas<\/strong><br \/>\nMaterial: Pele<br \/>\nRefer\u00eancia: DALLILA330WHITE<\/p>\n","protected":false},"featured_media":58811,"comment_status":"open","ping_status":"closed","template":"","meta":[],"pwb-brand":[194],"product_brand":[],"product_cat":[210,238],"product_tag":[],"class_list":{"0":"post-58803","1":"product","2":"type-product","3":"status-publish","4":"has-post-thumbnail","6":"pwb-brand-cubanas","7":"product_cat-sandals-nc-en","8":"product_cat-sandals-cubanas","10":"first","11":"instock","12":"sale","13":"taxable","14":"shipping-taxable","15":"purchasable","16":"product-type-variable"},"brands":[{"id":194,"name":"Cubanas","slug":"cubanas"}],"_links":{"self":[{"href":"https:\/\/www.madein-shops.com\/en\/wp-json\/wp\/v2\/product\/58803","targetHints":{"allow":["GET"]}}],"collection":[{"href":"https:\/\/www.madein-shops.com\/en\/wp-json\/wp\/v2\/product"}],"about":[{"href":"https:\/\/www.madein-shops.com\/en\/wp-json\/wp\/v2\/types\/product"}],"replies":[{"embeddable":true,"href":"https:\/\/www.madein-shops.com\/en\/wp-json\/wp\/v2\/comments?post=58803"}],"wp:featuredmedia":[{"embeddable":true,"href":"https:\/\/www.madein-shops.com\/en\/wp-json\/wp\/v2\/media\/58811"}],"wp:attachment":[{"href":"https:\/\/www.madein-shops.com\/en\/wp-json\/wp\/v2\/media?parent=58803"}],"wp:term":[{"taxonomy":"pwb-brand","embeddable":true,"href":"https:\/\/www.madein-shops.com\/en\/wp-json\/wp\/v2\/pwb-brand?post=58803"},{"taxonomy":"product_brand","embeddable":true,"href":"https:\/\/www.madein-shops.com\/en\/wp-json\/wp\/v2\/product_brand?post=58803"},{"taxonomy":"product_cat","embeddable":true,"href":"https:\/\/www.madein-shops.com\/en\/wp-json\/wp\/v2\/product_cat?post=58803"},{"taxonomy":"product_tag","embeddable":true,"href":"https:\/\/www.madein-shops.com\/en\/wp-json\/wp\/v2\/product_tag?post=58803"}],"curies":[{"name":"wp","href":"https:\/\/api.w.org\/{rel}","templated":true}]}}