{"id":59075,"date":"2024-04-17T11:14:43","date_gmt":"2024-04-17T11:14:43","guid":{"rendered":"https:\/\/www.madein-shops.com\/?post_type=product&#038;p=59075"},"modified":"2025-02-04T20:29:43","modified_gmt":"2025-02-04T20:29:43","slug":"bota-de-cano-medio-em-pele-gold-e-camurca-beige","status":"publish","type":"product","link":"https:\/\/www.madein-shops.com\/en\/produto\/bota-de-cano-medio-em-pele-gold-e-camurca-beige\/","title":{"rendered":"Bota Cubanas em Pele Dourada e Camur\u00e7a Beige"},"content":{"rendered":"<p>A bota rasa Cubanas NATURE910BEIGE \u00e9 um modelo descolado e feito em pele gold com pormenor em pele beige e el\u00e1stico na lateral. \u00c9 ideal para quem busca conforto mas sem perder o estilo! Re\u00fane a sofistica\u00e7\u00e3o e irrever\u00eancia num estilo s\u00f3.<\/p>\n<p><strong>Caracter\u00edsticas<\/strong><br \/>\nMateriais: Pele e Camur\u00e7a<br \/>\nRefer\u00eancia: NATURE910BEIGE<\/p>\n","protected":false},"excerpt":{"rendered":"<p>A bota rasa Cubanas NATURE910BEIGE \u00e9 um modelo descolado e feito em pele gold com pormenor em pele beige e el\u00e1stico na lateral. \u00c9 ideal para quem busca conforto mas sem perder o estilo! Re\u00fane a sofistica\u00e7\u00e3o e irrever\u00eancia num estilo s\u00f3.<\/p>\n<p><strong>Caracter\u00edsticas<\/strong><br \/>\nMateriais: Pele e Camur\u00e7a<br \/>\nRefer\u00eancia: NATURE910BEIGE<\/p>\n","protected":false},"featured_media":59083,"comment_status":"open","ping_status":"closed","template":"","meta":[],"pwb-brand":[194],"product_brand":[],"product_cat":[91,107],"product_tag":[],"class_list":{"0":"post-59075","1":"product","2":"type-product","3":"status-publish","4":"has-post-thumbnail","6":"pwb-brand-cubanas","7":"product_cat-botas-cubanas","8":"product_cat-botas-sp","10":"first","11":"instock","12":"sale","13":"taxable","14":"shipping-taxable","15":"purchasable","16":"product-type-variable"},"brands":[{"id":194,"name":"Cubanas","slug":"cubanas"}],"_links":{"self":[{"href":"https:\/\/www.madein-shops.com\/en\/wp-json\/wp\/v2\/product\/59075","targetHints":{"allow":["GET"]}}],"collection":[{"href":"https:\/\/www.madein-shops.com\/en\/wp-json\/wp\/v2\/product"}],"about":[{"href":"https:\/\/www.madein-shops.com\/en\/wp-json\/wp\/v2\/types\/product"}],"replies":[{"embeddable":true,"href":"https:\/\/www.madein-shops.com\/en\/wp-json\/wp\/v2\/comments?post=59075"}],"wp:featuredmedia":[{"embeddable":true,"href":"https:\/\/www.madein-shops.com\/en\/wp-json\/wp\/v2\/media\/59083"}],"wp:attachment":[{"href":"https:\/\/www.madein-shops.com\/en\/wp-json\/wp\/v2\/media?parent=59075"}],"wp:term":[{"taxonomy":"pwb-brand","embeddable":true,"href":"https:\/\/www.madein-shops.com\/en\/wp-json\/wp\/v2\/pwb-brand?post=59075"},{"taxonomy":"product_brand","embeddable":true,"href":"https:\/\/www.madein-shops.com\/en\/wp-json\/wp\/v2\/product_brand?post=59075"},{"taxonomy":"product_cat","embeddable":true,"href":"https:\/\/www.madein-shops.com\/en\/wp-json\/wp\/v2\/product_cat?post=59075"},{"taxonomy":"product_tag","embeddable":true,"href":"https:\/\/www.madein-shops.com\/en\/wp-json\/wp\/v2\/product_tag?post=59075"}],"curies":[{"name":"wp","href":"https:\/\/api.w.org\/{rel}","templated":true}]}}