{"id":59139,"date":"2024-08-18T09:35:11","date_gmt":"2024-08-18T09:35:11","guid":{"rendered":"https:\/\/www.madein-shops.com\/?post_type=product&#038;p=59139"},"modified":"2026-02-16T20:24:33","modified_gmt":"2026-02-16T20:24:33","slug":"tenis-em-pele-beige-metalizada-e-pormenor-em-glitter","status":"publish","type":"product","link":"https:\/\/www.madein-shops.com\/en\/produto\/tenis-em-pele-beige-metalizada-e-pormenor-em-glitter\/","title":{"rendered":"T\u00e9nis Cubanas em Pele Beige Metalizada"},"content":{"rendered":"<p>Sneakers em pele metalizada com pormenor em glitter e sola best-seller da marca. O modelo RUN2100BEIGE da Cubanas alia a jun\u00e7\u00e3o de materiais com reflexos \u00e0s linhas elegantes que fazem enaltecer este modelo.<\/p>\n<p><strong>Caracter\u00edsticas<\/strong><br \/>\nMaterial: Pele e Glitter<br \/>\nSalto: 2,5 cm<br \/>\nRefer\u00eancia: RUN2110BEIGE<\/p>\n","protected":false},"excerpt":{"rendered":"<p>Sneakers em pele metalizada com pormenor em glitter e sola best-seller da marca. O modelo RUN2100BEIGE da Cubanas alia a jun\u00e7\u00e3o de materiais com reflexos \u00e0s linhas elegantes que fazem enaltecer este modelo.<\/p>\n<p><strong>Caracter\u00edsticas<\/strong><br \/>\nMaterial: Pele e Glitter<br \/>\nSalto: 2,5 cm<br \/>\nRefer\u00eancia: RUN2110BEIGE<\/p>\n","protected":false},"featured_media":59147,"comment_status":"open","ping_status":"closed","template":"","meta":[],"pwb-brand":[194],"product_brand":[],"product_cat":[88,104],"product_tag":[],"class_list":{"0":"post-59139","1":"product","2":"type-product","3":"status-publish","4":"has-post-thumbnail","6":"pwb-brand-cubanas","7":"product_cat-sneakers-cubanas","8":"product_cat-sneakers-sp","10":"first","11":"instock","12":"sale","13":"taxable","14":"shipping-taxable","15":"purchasable","16":"product-type-variable"},"brands":[{"id":194,"name":"Cubanas","slug":"cubanas"}],"_links":{"self":[{"href":"https:\/\/www.madein-shops.com\/en\/wp-json\/wp\/v2\/product\/59139","targetHints":{"allow":["GET"]}}],"collection":[{"href":"https:\/\/www.madein-shops.com\/en\/wp-json\/wp\/v2\/product"}],"about":[{"href":"https:\/\/www.madein-shops.com\/en\/wp-json\/wp\/v2\/types\/product"}],"replies":[{"embeddable":true,"href":"https:\/\/www.madein-shops.com\/en\/wp-json\/wp\/v2\/comments?post=59139"}],"wp:featuredmedia":[{"embeddable":true,"href":"https:\/\/www.madein-shops.com\/en\/wp-json\/wp\/v2\/media\/59147"}],"wp:attachment":[{"href":"https:\/\/www.madein-shops.com\/en\/wp-json\/wp\/v2\/media?parent=59139"}],"wp:term":[{"taxonomy":"pwb-brand","embeddable":true,"href":"https:\/\/www.madein-shops.com\/en\/wp-json\/wp\/v2\/pwb-brand?post=59139"},{"taxonomy":"product_brand","embeddable":true,"href":"https:\/\/www.madein-shops.com\/en\/wp-json\/wp\/v2\/product_brand?post=59139"},{"taxonomy":"product_cat","embeddable":true,"href":"https:\/\/www.madein-shops.com\/en\/wp-json\/wp\/v2\/product_cat?post=59139"},{"taxonomy":"product_tag","embeddable":true,"href":"https:\/\/www.madein-shops.com\/en\/wp-json\/wp\/v2\/product_tag?post=59139"}],"curies":[{"name":"wp","href":"https:\/\/api.w.org\/{rel}","templated":true}]}}