{"id":59203,"date":"2024-08-18T09:38:36","date_gmt":"2024-08-18T09:38:36","guid":{"rendered":"https:\/\/www.madein-shops.com\/?post_type=product&#038;p=59203"},"modified":"2026-01-29T21:20:29","modified_gmt":"2026-01-29T21:20:29","slug":"tenis-em-pele-gold-e-white-e-sola-flat","status":"publish","type":"product","link":"https:\/\/www.madein-shops.com\/en\/produto\/tenis-em-pele-gold-e-white-e-sola-flat\/","title":{"rendered":"T\u00e9nis Cubanas em Pele Dourada e Branca e Sola Flat"},"content":{"rendered":"<p>Sneakers em pele e camur\u00e7a com sola flat. O modelo MOON100GOLD da Cubanas, apresenta tra\u00e7os simples que combinam com um design \u00fanico e inovador. Super confort\u00e1veis, ideais para quem pretende um estilo descontra\u00eddo com um toque irreverente.<\/p>\n<p><strong>Caracter\u00edsticas<\/strong><br \/>\nMaterial: Pele e Camur\u00e7a<br \/>\nRefer\u00eancia: MOON100GOLD<\/p>\n","protected":false},"excerpt":{"rendered":"<p>Sneakers em pele e camur\u00e7a com sola flat. O modelo MOON100GOLD da Cubanas, apresenta tra\u00e7os simples que combinam com um design \u00fanico e inovador. Super confort\u00e1veis, ideais para quem pretende um estilo descontra\u00eddo com um toque irreverente.<\/p>\n<p><strong>Caracter\u00edsticas<\/strong><br \/>\nMaterial: Pele e Camur\u00e7a<br \/>\nRefer\u00eancia: MOON100GOLD<\/p>\n","protected":false},"featured_media":59211,"comment_status":"open","ping_status":"closed","template":"","meta":[],"pwb-brand":[194],"product_brand":[],"product_cat":[104,88],"product_tag":[],"class_list":{"0":"post-59203","1":"product","2":"type-product","3":"status-publish","4":"has-post-thumbnail","6":"pwb-brand-cubanas","7":"product_cat-sneakers-sp","8":"product_cat-sneakers-cubanas","10":"first","11":"instock","12":"sale","13":"taxable","14":"shipping-taxable","15":"purchasable","16":"product-type-variable"},"brands":[{"id":194,"name":"Cubanas","slug":"cubanas"}],"_links":{"self":[{"href":"https:\/\/www.madein-shops.com\/en\/wp-json\/wp\/v2\/product\/59203","targetHints":{"allow":["GET"]}}],"collection":[{"href":"https:\/\/www.madein-shops.com\/en\/wp-json\/wp\/v2\/product"}],"about":[{"href":"https:\/\/www.madein-shops.com\/en\/wp-json\/wp\/v2\/types\/product"}],"replies":[{"embeddable":true,"href":"https:\/\/www.madein-shops.com\/en\/wp-json\/wp\/v2\/comments?post=59203"}],"wp:featuredmedia":[{"embeddable":true,"href":"https:\/\/www.madein-shops.com\/en\/wp-json\/wp\/v2\/media\/59211"}],"wp:attachment":[{"href":"https:\/\/www.madein-shops.com\/en\/wp-json\/wp\/v2\/media?parent=59203"}],"wp:term":[{"taxonomy":"pwb-brand","embeddable":true,"href":"https:\/\/www.madein-shops.com\/en\/wp-json\/wp\/v2\/pwb-brand?post=59203"},{"taxonomy":"product_brand","embeddable":true,"href":"https:\/\/www.madein-shops.com\/en\/wp-json\/wp\/v2\/product_brand?post=59203"},{"taxonomy":"product_cat","embeddable":true,"href":"https:\/\/www.madein-shops.com\/en\/wp-json\/wp\/v2\/product_cat?post=59203"},{"taxonomy":"product_tag","embeddable":true,"href":"https:\/\/www.madein-shops.com\/en\/wp-json\/wp\/v2\/product_tag?post=59203"}],"curies":[{"name":"wp","href":"https:\/\/api.w.org\/{rel}","templated":true}]}}