{"id":59555,"date":"2024-04-18T11:13:27","date_gmt":"2024-04-18T11:13:27","guid":{"rendered":"https:\/\/www.madein-shops.com\/?post_type=product&#038;p=59555"},"modified":"2026-04-18T19:09:09","modified_gmt":"2026-04-18T19:09:09","slug":"tenis-em-pele-beige-com-camurca-camel-e-glitter","status":"publish","type":"product","link":"https:\/\/www.madein-shops.com\/en\/produto\/tenis-em-pele-beige-com-camurca-camel-e-glitter\/","title":{"rendered":"T\u00e9nis Cubanas em Pele Beige com Camur\u00e7a Camel e Glitter"},"content":{"rendered":"<p>Sneakers em pele e camur\u00e7a com pormenores em glitter. O modelo GOTA612BEIGE apresenta uma sola nova na marca Cubanas. A harmoniza\u00e7\u00e3o dos materiais combinam com um design \u00fanico e inovador. Super confort\u00e1veis, ideiais para quem pretende um estilo descontra\u00eddo e elegante.<\/p>\n<p><strong>Caracter\u00edsticas<\/strong><br \/>\nMateriais: Camur\u00e7a, Tecido e Glitter<br \/>\nRefer\u00eancia: GOTA612BEIGE<\/p>\n","protected":false},"excerpt":{"rendered":"<p>Sneakers em pele e camur\u00e7a com pormenores em glitter. O modelo GOTA612BEIGE apresenta uma sola nova na marca Cubanas. A harmoniza\u00e7\u00e3o dos materiais combinam com um design \u00fanico e inovador. Super confort\u00e1veis, ideiais para quem pretende um estilo descontra\u00eddo e elegante.<\/p>\n<p><strong>Caracter\u00edsticas<\/strong><br \/>\nMateriais: Camur\u00e7a, Tecido e Glitter<br \/>\nRefer\u00eancia: GOTA612BEIGE<\/p>\n","protected":false},"featured_media":59563,"comment_status":"open","ping_status":"closed","template":"","meta":[],"pwb-brand":[194],"product_brand":[],"product_cat":[104,88],"product_tag":[],"class_list":{"0":"post-59555","1":"product","2":"type-product","3":"status-publish","4":"has-post-thumbnail","6":"pwb-brand-cubanas","7":"product_cat-sneakers-sp","8":"product_cat-sneakers-cubanas","10":"first","11":"instock","12":"sale","13":"taxable","14":"shipping-taxable","15":"purchasable","16":"product-type-variable"},"brands":[{"id":194,"name":"Cubanas","slug":"cubanas"}],"_links":{"self":[{"href":"https:\/\/www.madein-shops.com\/en\/wp-json\/wp\/v2\/product\/59555","targetHints":{"allow":["GET"]}}],"collection":[{"href":"https:\/\/www.madein-shops.com\/en\/wp-json\/wp\/v2\/product"}],"about":[{"href":"https:\/\/www.madein-shops.com\/en\/wp-json\/wp\/v2\/types\/product"}],"replies":[{"embeddable":true,"href":"https:\/\/www.madein-shops.com\/en\/wp-json\/wp\/v2\/comments?post=59555"}],"wp:featuredmedia":[{"embeddable":true,"href":"https:\/\/www.madein-shops.com\/en\/wp-json\/wp\/v2\/media\/59563"}],"wp:attachment":[{"href":"https:\/\/www.madein-shops.com\/en\/wp-json\/wp\/v2\/media?parent=59555"}],"wp:term":[{"taxonomy":"pwb-brand","embeddable":true,"href":"https:\/\/www.madein-shops.com\/en\/wp-json\/wp\/v2\/pwb-brand?post=59555"},{"taxonomy":"product_brand","embeddable":true,"href":"https:\/\/www.madein-shops.com\/en\/wp-json\/wp\/v2\/product_brand?post=59555"},{"taxonomy":"product_cat","embeddable":true,"href":"https:\/\/www.madein-shops.com\/en\/wp-json\/wp\/v2\/product_cat?post=59555"},{"taxonomy":"product_tag","embeddable":true,"href":"https:\/\/www.madein-shops.com\/en\/wp-json\/wp\/v2\/product_tag?post=59555"}],"curies":[{"name":"wp","href":"https:\/\/api.w.org\/{rel}","templated":true}]}}