{"id":61826,"date":"2024-07-13T10:43:19","date_gmt":"2024-07-13T10:43:19","guid":{"rendered":"https:\/\/www.madein-shops.com\/?post_type=product&#038;p=61826"},"modified":"2025-07-13T19:22:42","modified_gmt":"2025-07-13T19:22:42","slug":"sandalia-em-pele-dourada-com-textura-de-animal-print-2","status":"publish","type":"product","link":"https:\/\/www.madein-shops.com\/en\/produto\/sandalia-em-pele-dourada-com-textura-de-animal-print-2\/","title":{"rendered":"Sand\u00e1lia Schutz em Pele Dourada e Textura Animal Print"},"content":{"rendered":"<div>Sand\u00e1lia em pele dourada com textura de animal print. Esta sand\u00e1lia da Schutz traz consigo a mistura da eleg\u00e2ncia com as linhas cl\u00e1ssicas que enaltecem este modelo.<\/div>\n<div><\/div>\n<div><strong>Caracter\u00edsticas<\/strong><\/div>\n<div>Materiais: Pele<\/div>\n<div>Refer\u00eancia: S2118900520003<\/div>\n","protected":false},"excerpt":{"rendered":"<div>Sand\u00e1lia em pele dourada com textura de animal print. Esta sand\u00e1lia da Schutz traz consigo a mistura da eleg\u00e2ncia com as linhas cl\u00e1ssicas que enaltecem este modelo.<\/div>\n<div><\/div>\n<div><strong>Caracter\u00edsticas<\/strong><\/div>\n<div>Materiais: Pele<\/div>\n<div>Refer\u00eancia: S2118900520003<\/div>\n","protected":false},"featured_media":61827,"comment_status":"open","ping_status":"closed","template":"","meta":[],"pwb-brand":[192],"product_brand":[],"product_cat":[72,98],"product_tag":[],"class_list":{"0":"post-61826","1":"product","2":"type-product","3":"status-publish","4":"has-post-thumbnail","6":"pwb-brand-schutz","7":"product_cat-sandalias-2","8":"product_cat-sandalias-schutz","10":"first","11":"instock","12":"sale","13":"taxable","14":"shipping-taxable","15":"purchasable","16":"product-type-variable"},"brands":[{"id":192,"name":"Schutz","slug":"schutz"}],"_links":{"self":[{"href":"https:\/\/www.madein-shops.com\/en\/wp-json\/wp\/v2\/product\/61826","targetHints":{"allow":["GET"]}}],"collection":[{"href":"https:\/\/www.madein-shops.com\/en\/wp-json\/wp\/v2\/product"}],"about":[{"href":"https:\/\/www.madein-shops.com\/en\/wp-json\/wp\/v2\/types\/product"}],"replies":[{"embeddable":true,"href":"https:\/\/www.madein-shops.com\/en\/wp-json\/wp\/v2\/comments?post=61826"}],"wp:featuredmedia":[{"embeddable":true,"href":"https:\/\/www.madein-shops.com\/en\/wp-json\/wp\/v2\/media\/61827"}],"wp:attachment":[{"href":"https:\/\/www.madein-shops.com\/en\/wp-json\/wp\/v2\/media?parent=61826"}],"wp:term":[{"taxonomy":"pwb-brand","embeddable":true,"href":"https:\/\/www.madein-shops.com\/en\/wp-json\/wp\/v2\/pwb-brand?post=61826"},{"taxonomy":"product_brand","embeddable":true,"href":"https:\/\/www.madein-shops.com\/en\/wp-json\/wp\/v2\/product_brand?post=61826"},{"taxonomy":"product_cat","embeddable":true,"href":"https:\/\/www.madein-shops.com\/en\/wp-json\/wp\/v2\/product_cat?post=61826"},{"taxonomy":"product_tag","embeddable":true,"href":"https:\/\/www.madein-shops.com\/en\/wp-json\/wp\/v2\/product_tag?post=61826"}],"curies":[{"name":"wp","href":"https:\/\/api.w.org\/{rel}","templated":true}]}}