{"id":61986,"date":"2024-05-10T11:13:04","date_gmt":"2024-05-10T11:13:04","guid":{"rendered":"https:\/\/www.madein-shops.com\/?post_type=product&#038;p=61986"},"modified":"2026-03-24T20:08:18","modified_gmt":"2026-03-24T20:08:18","slug":"sandalia-em-pele-prata-e-tira-entrancada-com-pormenor-em-dourado","status":"publish","type":"product","link":"https:\/\/www.madein-shops.com\/en\/produto\/sandalia-em-pele-prata-e-tira-entrancada-com-pormenor-em-dourado\/","title":{"rendered":"Sand\u00e1lia Arezzo em Pele Prata e Pormenor em Dourado"},"content":{"rendered":"<div>Sand\u00e1lia em pele prata e tira entran\u00e7ada com pormenor em dourado. Esta sand\u00e1lia da Arezzo traz consigo a mistura da eleg\u00e2ncia com as linhas cl\u00e1ssicas que enaltecem este modelo.<\/div>\n<div><\/div>\n<div><strong>Caracter\u00edsticas<\/strong><\/div>\n<div>Materiais: Pele<\/div>\n<div>Refer\u00eancia: A1190101240003<\/div>\n","protected":false},"excerpt":{"rendered":"<div>Sand\u00e1lia em pele prata e tira entran\u00e7ada com pormenor em dourado. Esta sand\u00e1lia da Arezzo traz consigo a mistura da eleg\u00e2ncia com as linhas cl\u00e1ssicas que enaltecem este modelo.<\/div>\n<div><\/div>\n<div><strong>Caracter\u00edsticas<\/strong><\/div>\n<div>Materiais: Pele<\/div>\n<div>Refer\u00eancia: A1190101240003<\/div>\n","protected":false},"featured_media":61987,"comment_status":"open","ping_status":"closed","template":"","meta":[],"pwb-brand":[191],"product_brand":[],"product_cat":[83,72],"product_tag":[],"class_list":{"0":"post-61986","1":"product","2":"type-product","3":"status-publish","4":"has-post-thumbnail","6":"pwb-brand-arezzo","7":"product_cat-sandalias-arezzo","8":"product_cat-sandalias-2","10":"first","11":"instock","12":"sale","13":"taxable","14":"shipping-taxable","15":"purchasable","16":"product-type-variable"},"brands":[{"id":191,"name":"Arezzo","slug":"arezzo"}],"_links":{"self":[{"href":"https:\/\/www.madein-shops.com\/en\/wp-json\/wp\/v2\/product\/61986","targetHints":{"allow":["GET"]}}],"collection":[{"href":"https:\/\/www.madein-shops.com\/en\/wp-json\/wp\/v2\/product"}],"about":[{"href":"https:\/\/www.madein-shops.com\/en\/wp-json\/wp\/v2\/types\/product"}],"replies":[{"embeddable":true,"href":"https:\/\/www.madein-shops.com\/en\/wp-json\/wp\/v2\/comments?post=61986"}],"wp:featuredmedia":[{"embeddable":true,"href":"https:\/\/www.madein-shops.com\/en\/wp-json\/wp\/v2\/media\/61987"}],"wp:attachment":[{"href":"https:\/\/www.madein-shops.com\/en\/wp-json\/wp\/v2\/media?parent=61986"}],"wp:term":[{"taxonomy":"pwb-brand","embeddable":true,"href":"https:\/\/www.madein-shops.com\/en\/wp-json\/wp\/v2\/pwb-brand?post=61986"},{"taxonomy":"product_brand","embeddable":true,"href":"https:\/\/www.madein-shops.com\/en\/wp-json\/wp\/v2\/product_brand?post=61986"},{"taxonomy":"product_cat","embeddable":true,"href":"https:\/\/www.madein-shops.com\/en\/wp-json\/wp\/v2\/product_cat?post=61986"},{"taxonomy":"product_tag","embeddable":true,"href":"https:\/\/www.madein-shops.com\/en\/wp-json\/wp\/v2\/product_tag?post=61986"}],"curies":[{"name":"wp","href":"https:\/\/api.w.org\/{rel}","templated":true}]}}