{"id":62363,"date":"2024-05-10T14:44:48","date_gmt":"2024-05-10T14:44:48","guid":{"rendered":"https:\/\/www.madein-shops.com\/?post_type=product&#038;p=62363"},"modified":"2026-01-29T21:20:33","modified_gmt":"2026-01-29T21:20:33","slug":"mule-em-pele-beige-e-pormenor-na-biqueira","status":"publish","type":"product","link":"https:\/\/www.madein-shops.com\/en\/produto\/mule-em-pele-beige-e-pormenor-na-biqueira\/","title":{"rendered":"Mule Schutz em Pele Beige e Pormenor na Biqueira"},"content":{"rendered":"<div>Mule em pele beige e pormenor na biqueira. Confort\u00e1vel, fresh e fashion para completar o seu outfit em qualquer momento do seu dia. \u00c9 o must-have deste Ver\u00e3o.<\/div>\n<div><\/div>\n<div><strong>Caracter\u00edsticas<\/strong><\/div>\n<div>Materiais: Pele<\/div>\n<div>Refer\u00eancia: S2006102780001<\/div>\n","protected":false},"excerpt":{"rendered":"<div>Mule em pele beige e pormenor na biqueira. Confort\u00e1vel, fresh e fashion para completar o seu outfit em qualquer momento do seu dia. \u00c9 o must-have deste Ver\u00e3o.<\/div>\n<div><\/div>\n<div><strong>Caracter\u00edsticas<\/strong><\/div>\n<div>Materiais: Pele<\/div>\n<div>Refer\u00eancia: S2006102780001<\/div>\n","protected":false},"featured_media":62364,"comment_status":"open","ping_status":"closed","template":"","meta":[],"pwb-brand":[192],"product_brand":[],"product_cat":[106,97],"product_tag":[],"class_list":{"0":"post-62363","1":"product","2":"type-product","3":"status-publish","4":"has-post-thumbnail","6":"pwb-brand-schutz","7":"product_cat-sapatos-sp","8":"product_cat-sapatos-schutz","10":"first","11":"instock","12":"sale","13":"taxable","14":"shipping-taxable","15":"purchasable","16":"product-type-variable"},"brands":[{"id":192,"name":"Schutz","slug":"schutz"}],"_links":{"self":[{"href":"https:\/\/www.madein-shops.com\/en\/wp-json\/wp\/v2\/product\/62363","targetHints":{"allow":["GET"]}}],"collection":[{"href":"https:\/\/www.madein-shops.com\/en\/wp-json\/wp\/v2\/product"}],"about":[{"href":"https:\/\/www.madein-shops.com\/en\/wp-json\/wp\/v2\/types\/product"}],"replies":[{"embeddable":true,"href":"https:\/\/www.madein-shops.com\/en\/wp-json\/wp\/v2\/comments?post=62363"}],"wp:featuredmedia":[{"embeddable":true,"href":"https:\/\/www.madein-shops.com\/en\/wp-json\/wp\/v2\/media\/62364"}],"wp:attachment":[{"href":"https:\/\/www.madein-shops.com\/en\/wp-json\/wp\/v2\/media?parent=62363"}],"wp:term":[{"taxonomy":"pwb-brand","embeddable":true,"href":"https:\/\/www.madein-shops.com\/en\/wp-json\/wp\/v2\/pwb-brand?post=62363"},{"taxonomy":"product_brand","embeddable":true,"href":"https:\/\/www.madein-shops.com\/en\/wp-json\/wp\/v2\/product_brand?post=62363"},{"taxonomy":"product_cat","embeddable":true,"href":"https:\/\/www.madein-shops.com\/en\/wp-json\/wp\/v2\/product_cat?post=62363"},{"taxonomy":"product_tag","embeddable":true,"href":"https:\/\/www.madein-shops.com\/en\/wp-json\/wp\/v2\/product_tag?post=62363"}],"curies":[{"name":"wp","href":"https:\/\/api.w.org\/{rel}","templated":true}]}}