{"id":62395,"date":"2024-08-24T11:35:19","date_gmt":"2024-08-24T11:35:19","guid":{"rendered":"https:\/\/www.madein-shops.com\/?post_type=product&#038;p=62395"},"modified":"2026-02-16T14:11:37","modified_gmt":"2026-02-16T14:11:37","slug":"mule-preta-em-pele-e-pormenor-na-biqueira","status":"publish","type":"product","link":"https:\/\/www.madein-shops.com\/en\/produto\/mule-preta-em-pele-e-pormenor-na-biqueira\/","title":{"rendered":"Mule Schutz Preta em Pele e Pormenor na Biqueira"},"content":{"rendered":"<div>Mule preta em pele e pormenor na biqueira. Confort\u00e1vel, fresh e fashion para completar o seu outfit em qualquer momento do seu dia. \u00c9 o must-have deste Ver\u00e3o.<\/div>\n<div><\/div>\n<div><strong>Caracter\u00edsticas<\/strong><\/div>\n<div>Materiais: Pele<\/div>\n<div>Refer\u00eancia: S2006102780006<\/div>\n","protected":false},"excerpt":{"rendered":"<div>Mule preta em pele e pormenor na biqueira. Confort\u00e1vel, fresh e fashion para completar o seu outfit em qualquer momento do seu dia. \u00c9 o must-have deste Ver\u00e3o.<\/div>\n<div><\/div>\n<div><strong>Caracter\u00edsticas<\/strong><\/div>\n<div>Materiais: Pele<\/div>\n<div>Refer\u00eancia: S2006102780006<\/div>\n","protected":false},"featured_media":62400,"comment_status":"open","ping_status":"closed","template":"","meta":[],"pwb-brand":[192],"product_brand":[],"product_cat":[97,106],"product_tag":[],"class_list":{"0":"post-62395","1":"product","2":"type-product","3":"status-publish","4":"has-post-thumbnail","6":"pwb-brand-schutz","7":"product_cat-sapatos-schutz","8":"product_cat-sapatos-sp","10":"first","11":"instock","12":"sale","13":"taxable","14":"shipping-taxable","15":"purchasable","16":"product-type-variable"},"brands":[{"id":192,"name":"Schutz","slug":"schutz"}],"_links":{"self":[{"href":"https:\/\/www.madein-shops.com\/en\/wp-json\/wp\/v2\/product\/62395","targetHints":{"allow":["GET"]}}],"collection":[{"href":"https:\/\/www.madein-shops.com\/en\/wp-json\/wp\/v2\/product"}],"about":[{"href":"https:\/\/www.madein-shops.com\/en\/wp-json\/wp\/v2\/types\/product"}],"replies":[{"embeddable":true,"href":"https:\/\/www.madein-shops.com\/en\/wp-json\/wp\/v2\/comments?post=62395"}],"wp:featuredmedia":[{"embeddable":true,"href":"https:\/\/www.madein-shops.com\/en\/wp-json\/wp\/v2\/media\/62400"}],"wp:attachment":[{"href":"https:\/\/www.madein-shops.com\/en\/wp-json\/wp\/v2\/media?parent=62395"}],"wp:term":[{"taxonomy":"pwb-brand","embeddable":true,"href":"https:\/\/www.madein-shops.com\/en\/wp-json\/wp\/v2\/pwb-brand?post=62395"},{"taxonomy":"product_brand","embeddable":true,"href":"https:\/\/www.madein-shops.com\/en\/wp-json\/wp\/v2\/product_brand?post=62395"},{"taxonomy":"product_cat","embeddable":true,"href":"https:\/\/www.madein-shops.com\/en\/wp-json\/wp\/v2\/product_cat?post=62395"},{"taxonomy":"product_tag","embeddable":true,"href":"https:\/\/www.madein-shops.com\/en\/wp-json\/wp\/v2\/product_tag?post=62395"}],"curies":[{"name":"wp","href":"https:\/\/api.w.org\/{rel}","templated":true}]}}