{"id":62545,"date":"2024-05-10T16:10:14","date_gmt":"2024-05-10T16:10:14","guid":{"rendered":"https:\/\/www.madein-shops.com\/?post_type=product&#038;p=62545"},"modified":"2026-01-29T21:19:56","modified_gmt":"2026-01-29T21:19:56","slug":"sandalia-plataforma-em-pele-castanha-e-tira-no-tornozelo","status":"publish","type":"product","link":"https:\/\/www.madein-shops.com\/en\/produto\/sandalia-plataforma-em-pele-castanha-e-tira-no-tornozelo\/","title":{"rendered":"Sand\u00e1lia Plataforma Arezzo em Pele Castanha"},"content":{"rendered":"<p>Sand\u00e1lia plataforma em pele castanha e tira no tornozelo. Esta sand\u00e1lia da Arezzo traz consigo a mistura da eleg\u00e2ncia com as linhas cl\u00e1ssicas que enaltecem este modelo.<\/p>\n<p><strong>Caracter\u00edsticas<\/strong><br \/>\nMateriais: Pele<br \/>\nRefer\u00eancia: A1219500030003<\/p>\n","protected":false},"excerpt":{"rendered":"<p>Sand\u00e1lia plataforma em pele castanha e tira no tornozelo. Esta sand\u00e1lia da Arezzo traz consigo a mistura da eleg\u00e2ncia com as linhas cl\u00e1ssicas que enaltecem este modelo.<\/p>\n<p><strong>Caracter\u00edsticas<\/strong><br \/>\nMateriais: Pele<br \/>\nRefer\u00eancia: A1219500030003<\/p>\n","protected":false},"featured_media":62513,"comment_status":"open","ping_status":"closed","template":"","meta":[],"pwb-brand":[191],"product_brand":[],"product_cat":[211,210],"product_tag":[],"class_list":{"0":"post-62545","1":"product","2":"type-product","3":"status-publish","4":"has-post-thumbnail","6":"pwb-brand-arezzo","7":"product_cat-sandals","8":"product_cat-sandals-nc-en","10":"first","11":"instock","12":"sale","13":"taxable","14":"shipping-taxable","15":"purchasable","16":"product-type-variable"},"brands":[{"id":191,"name":"Arezzo","slug":"arezzo"}],"_links":{"self":[{"href":"https:\/\/www.madein-shops.com\/en\/wp-json\/wp\/v2\/product\/62545","targetHints":{"allow":["GET"]}}],"collection":[{"href":"https:\/\/www.madein-shops.com\/en\/wp-json\/wp\/v2\/product"}],"about":[{"href":"https:\/\/www.madein-shops.com\/en\/wp-json\/wp\/v2\/types\/product"}],"replies":[{"embeddable":true,"href":"https:\/\/www.madein-shops.com\/en\/wp-json\/wp\/v2\/comments?post=62545"}],"wp:featuredmedia":[{"embeddable":true,"href":"https:\/\/www.madein-shops.com\/en\/wp-json\/wp\/v2\/media\/62513"}],"wp:attachment":[{"href":"https:\/\/www.madein-shops.com\/en\/wp-json\/wp\/v2\/media?parent=62545"}],"wp:term":[{"taxonomy":"pwb-brand","embeddable":true,"href":"https:\/\/www.madein-shops.com\/en\/wp-json\/wp\/v2\/pwb-brand?post=62545"},{"taxonomy":"product_brand","embeddable":true,"href":"https:\/\/www.madein-shops.com\/en\/wp-json\/wp\/v2\/product_brand?post=62545"},{"taxonomy":"product_cat","embeddable":true,"href":"https:\/\/www.madein-shops.com\/en\/wp-json\/wp\/v2\/product_cat?post=62545"},{"taxonomy":"product_tag","embeddable":true,"href":"https:\/\/www.madein-shops.com\/en\/wp-json\/wp\/v2\/product_tag?post=62545"}],"curies":[{"name":"wp","href":"https:\/\/api.w.org\/{rel}","templated":true}]}}