{"id":62778,"date":"2024-05-10T17:09:38","date_gmt":"2024-05-10T17:09:38","guid":{"rendered":"https:\/\/www.madein-shops.com\/?post_type=product&#038;p=62778"},"modified":"2025-08-04T20:18:18","modified_gmt":"2025-08-04T20:18:18","slug":"mule-preto-em-pele-com-aplicacoes-em-dourado","status":"publish","type":"product","link":"https:\/\/www.madein-shops.com\/en\/produto\/mule-preto-em-pele-com-aplicacoes-em-dourado\/","title":{"rendered":"Mule Arezzo Preto em Pele com Aplica\u00e7\u00f5es em Dourado"},"content":{"rendered":"<p>Mule preto em pele com aplica\u00e7\u00f5es em dourado. Este mule da Arezzo traz consigo a mistura da eleg\u00e2ncia com as linhas cl\u00e1ssicas que enaltecem este modelo.<\/p>\n<p><strong>Caracter\u00edsticas<\/strong><br \/>\nMateriais: Pele<br \/>\nRefer\u00eancia: A1302900010001<\/p>\n","protected":false},"excerpt":{"rendered":"<p>Mule preto em pele com aplica\u00e7\u00f5es em dourado. Este mule da Arezzo traz consigo a mistura da eleg\u00e2ncia com as linhas cl\u00e1ssicas que enaltecem este modelo.<\/p>\n<p><strong>Caracter\u00edsticas<\/strong><br \/>\nMateriais: Pele<br \/>\nRefer\u00eancia: A1302900010001<\/p>\n","protected":false},"featured_media":62794,"comment_status":"open","ping_status":"closed","template":"","meta":[],"pwb-brand":[191],"product_brand":[],"product_cat":[210,211],"product_tag":[],"class_list":{"0":"post-62778","1":"product","2":"type-product","3":"status-publish","4":"has-post-thumbnail","6":"pwb-brand-arezzo","7":"product_cat-sandals-nc-en","8":"product_cat-sandals","10":"first","11":"instock","12":"sale","13":"taxable","14":"shipping-taxable","15":"purchasable","16":"product-type-variable"},"brands":[{"id":191,"name":"Arezzo","slug":"arezzo"}],"_links":{"self":[{"href":"https:\/\/www.madein-shops.com\/en\/wp-json\/wp\/v2\/product\/62778","targetHints":{"allow":["GET"]}}],"collection":[{"href":"https:\/\/www.madein-shops.com\/en\/wp-json\/wp\/v2\/product"}],"about":[{"href":"https:\/\/www.madein-shops.com\/en\/wp-json\/wp\/v2\/types\/product"}],"replies":[{"embeddable":true,"href":"https:\/\/www.madein-shops.com\/en\/wp-json\/wp\/v2\/comments?post=62778"}],"wp:featuredmedia":[{"embeddable":true,"href":"https:\/\/www.madein-shops.com\/en\/wp-json\/wp\/v2\/media\/62794"}],"wp:attachment":[{"href":"https:\/\/www.madein-shops.com\/en\/wp-json\/wp\/v2\/media?parent=62778"}],"wp:term":[{"taxonomy":"pwb-brand","embeddable":true,"href":"https:\/\/www.madein-shops.com\/en\/wp-json\/wp\/v2\/pwb-brand?post=62778"},{"taxonomy":"product_brand","embeddable":true,"href":"https:\/\/www.madein-shops.com\/en\/wp-json\/wp\/v2\/product_brand?post=62778"},{"taxonomy":"product_cat","embeddable":true,"href":"https:\/\/www.madein-shops.com\/en\/wp-json\/wp\/v2\/product_cat?post=62778"},{"taxonomy":"product_tag","embeddable":true,"href":"https:\/\/www.madein-shops.com\/en\/wp-json\/wp\/v2\/product_tag?post=62778"}],"curies":[{"name":"wp","href":"https:\/\/api.w.org\/{rel}","templated":true}]}}